{"id":95,"date":"2024-08-26T10:32:42","date_gmt":"2024-08-26T07:32:42","guid":{"rendered":"https:\/\/tuorettaturusta.com\/info\/?page_id=95"},"modified":"2024-09-10T07:16:31","modified_gmt":"2024-09-10T04:16:31","slug":"miksi-soittolistan-kuvaus-voi-olla-ratkaiseva-tekija-sen-menestykselle","status":"publish","type":"page","link":"https:\/\/tuorettaturusta.com\/info\/miksi-soittolistan-kuvaus-voi-olla-ratkaiseva-tekija-sen-menestykselle\/","title":{"rendered":"Ti\u00e4ks\u00e4\u00e4 voiks niinku soittolistan kuvaus olla ratkaseva tekij\u00e4 sen menestyksel?"},"content":{"rendered":"\n<p class=\"has-drop-cap\" style=\"font-size:clamp(15.747px, 0.984rem + ((1vw - 3.2px) * 0.86), 24px);line-height:1.3\"><strong>Kyl! Soittolistan kuvaus voi ehrottomast olla ratkaseva tekij\u00e4 sen menestyksel. Soittolistan kuvaus meinaan tarjoaa algoritmeil, muil vipelt\u00e4jil ja ti\u00e4tty nii kuuntelijoil itellee semmosen tarvittavan kontekstin, jotta he ymm\u00e4rt\u00e4\u00e4, kenel se soittolista oikken sopii ja mit\u00e4 silt voi orottaa niinku. T\u00e4s\u00e4 artikkelis k\u00e4yr\u00e4\u00e4n l\u00e4pitte, kuinka o mahollista kirjottaa semmone tehokas ja houkutteleva soittolistan kuvaus, mik\u00e4 niin pal kauheest viel auttaa parantamaa sen listan n\u00e4kyvyyt ja kiinnostavuut.<\/strong><\/p>\n\n\n\n<h3 class=\"wp-block-heading\">Ensimm\u00e4ine Asia, Joka Sun O Hyv\u00e4 Ymm\u00e4rt\u00e4\u00e4.<\/h3>\n\n\n\n<p>Ensimm\u00e4inen asia, josta sun on hyv\u00e4 ymm\u00e4rt\u00e4\u00e4, o algoritmie toiminta. Musiikin suoratoistopalvelut, kuten Spotify, k\u00e4ytt\u00e4\u00e4 monimutkaisii algoritmei ehdottaaksee k\u00e4ytt\u00e4jille uutta musaa ja soittolistoi. Soittolistan kuvaus tarjoo ti\u00e4ks\u00e4 n\u00e4il algoritmeil semmose konteksti, jok auttaa niit ymm\u00e4rt\u00e4\u00e4, kenel se sun soittolistas vois olla sopiva ti\u00e4ks\u00e4\u00e4. T\u00e4\u00e4 n\u00e4kyy paremmi, kun kattoo suurempii kuva-algoritmeja, jotka ottavat ti\u00e4ks\u00e4\u00e4 huomioo soittolistan kuvaustekstist\u00e4 saadut avainsanat ja teemalliset ilmasut.<\/p>\n\n\n\n<h3 class=\"wp-block-heading\">Houkuttelevan Kuvauksen Kirjottaminen!<\/h3>\n\n\n\n<h4 class=\"wp-block-heading\">Parhaat K\u00e4yt\u00e4nn\u00f6t<\/h4>\n\n\n\n<p><strong>K\u00e4yt\u00e4 Avainsanoi Ti\u00e4ks\u00e4\u00e4 Fiksusti:<\/strong> Algoritmien vuoksi on t\u00e4rke\u00e4 sis\u00e4llytt\u00e4\u00e4 kuvaustekstiisi relevantteja avainsanoja, jotka kuvaa soittolistasi sis\u00e4lt\u00f6\u00e4. N\u00e4it\u00e4 voi olla esimerkiks musatyyliin, tunnelmaan tai tilaisuuteen liittyv\u00e4t sanat. Avainsanojen avulla algoritmit pystyy paremmin suosittelemaan soittolistaa oikealle yleis\u00f6lle.<\/p>\n\n\n\n<p><strong>Kiinnit\u00e4 Huomiot Ensimm\u00e4isii Lauseisii:<\/strong> Ihmisten huomion kiinnitt\u00e4minen on kriittist\u00e4. Aloita kuvaus vahvalla ja houkuttelevalla lauseella, joka her\u00e4tt\u00e4\u00e4 kiinnostuksen ja antaa lyhyesti olennaista tietoa soittolistasta. Ensimm\u00e4isen lauseen perusteella sek\u00e4 algoritmit ett\u00e4 ihmiset tekee p\u00e4\u00e4t\u00f6ksi\u00e4 siit\u00e4, haluavatko he tutustua soittolistaasi tarkemmin.<\/p>\n\n\n\n<p><strong>Oo Informatiivine Mut Ytimek\u00e4s:<\/strong> Liian pitk\u00e4 ja jaaritteleva kuvaus voi k\u00e4\u00e4nty\u00e4 itse\u00e4\u00e4n vastaan. Keskity ydinasioihin ja yrit\u00e4 v\u00e4litt\u00e4\u00e4 soittolistan tunnelma ja tarkoitus mahdollisimman lyhyesti. Muista, ett\u00e4 kuvauksesi tulisi olla helposti luettavissa yhdell\u00e4 silm\u00e4yksell\u00e4.<\/p>\n\n\n\n<p><strong>K\u00e4yt\u00e4 Sil Viissiin Tunteisii Vetoovaa Kielt:<\/strong> Soittolistan kuvauksen tulis her\u00e4tt\u00e4\u00e4 tunteita ja olla yhteydess\u00e4 kohdeyleis\u00f6\u00f6ns\u00e4. K\u00e4yt\u00e4 kielt\u00e4, joka resonoi kuuntelijoiden kanssa ja antaa heille syyn kuunnella soittolistaasi. T\u00e4m\u00e4 on erityisen t\u00e4rke\u00e4, ku kyseess\u00e4 on tietylle tilaisuudelle tai tietyn tunteen v\u00e4litt\u00e4miseen tarkoitettu soittolista.<\/p>\n\n\n\n<h3 class=\"wp-block-heading\">Pien Kuvausesimerkki ja Sen Purku sil viissiin<\/h3>\n\n\n\n<p>Katsotaa esimerkkikuvaust ja mite se t\u00e4ytt\u00e4\u00e4 yll\u00e4 mainitut riteerit.<\/p>\n\n\n\n<p><strong>Esimerkki<\/strong> &#8221;Upeat indie-pop-kappaleet t\u00e4ydellisee sadep\u00e4iv\u00e4\u00e4. T\u00e4\u00e4 soittolista o t\u00e4yrelline sekotus uusii l\u00f6yt\u00f6i ja ajattomii klassikoit, jotka tuo sul sek\u00e4 lohtuu ett\u00e4 inspiraatioo. Lis\u00e4\u00e4 pehmeet\u00e4 musaa, joka l\u00e4mmitt\u00e4\u00e4 kylmempin\u00e4ki p\u00e4ivin.&#8221;<\/p>\n\n\n\n<p><strong>Kuvausen Purku<\/strong><\/p>\n\n\n\n<ul class=\"wp-block-list\">\n<li><strong>Avainsanat:<\/strong> T\u00e4m\u00e4 kuvaus sis\u00e4lt\u00e4\u00e4 avainsanoja kuten &#8221;indie-pop,&#8221; &#8221;sadep\u00e4iv\u00e4,&#8221; &#8221;uusia l\u00f6yt\u00f6j\u00e4,&#8221; &#8221;klassikoita,&#8221; &#8221;lohtua&#8221; ja &#8221;inspiraatiota.&#8221; Ne auttaa algoritmeja ymm\u00e4rt\u00e4m\u00e4\u00e4n, ett\u00e4 t\u00e4m\u00e4 soittolista on suunnattu indie-pop-m ysaa rakastaville kuuntelijoille, jotka kaipaavat tunnelmallista musaa.<\/li>\n\n\n\n<li><strong>Ensimm\u00e4iset Lauseet:<\/strong> Lyhyt ja ytimek\u00e4s lause kertoo kuuntelijalle nopeasti, mit\u00e4 odottaa ja miksi soittolista on kiinnostava.<\/li>\n\n\n\n<li><strong>Ytimekkyys ja Informatiivisuus:<\/strong> Kuvaus on riitt\u00e4v\u00e4n lyhyt s\u00e4ilytt\u00e4\u00e4kseen lukijan huomion, mutta silti informatiivinen ja kuvaava.<\/li>\n\n\n\n<li><strong>Tunteisiin Vetoaminen:<\/strong> Kuvaus k\u00e4ytt\u00e4\u00e4 tunteisiin vetoavaa kielt\u00e4, kuten &#8221;l\u00e4mmitt\u00e4\u00e4 kylmempin\u00e4kin p\u00e4ivin\u00e4,&#8221; joka houkuttelee kuuntelijoita, jotka haluaa musaa, joka tuo heille lohtua ja inspiraatiota.<\/li>\n<\/ul>\n\n\n\n<h3 class=\"wp-block-heading\">Yhteenveto<\/h3>\n\n\n\n<p>Soittolista kuvaus o keskeinen tekij\u00e4 sen menestykses. Ku s\u00e4\u00e4 sis\u00e4llyt\u00e4t tekstin, joka o optimoitu avainsanoil, o niin pal kauheen houkutteleva ja tunteisii vetoova sek\u00e4 ytimek\u00e4s ja informatiivine, s\u00e4\u00e4 ti\u00e4ks\u00e4\u00e4 voit parantaa huomattavast sun mahrollisuuksias menestyy sek\u00e4 algoritmie ett\u00e4 kuuntelijoire keskuures.<\/p>\n\n\n\n<p>Kokeile eri tyylei ja muista analysoira, mik\u00e4 toimii parhaite sun ti\u00e4ks\u00e4\u00e4 yleis\u00f6lles, jotta s\u00e4\u00e4 voit jatkuvast parantaa sun kuvaustes tehokkuut! Toivottavast n\u00e4\u00e4 vinkit kyl niin pal kauheest ny auttaa sua luomaa houkuttelevii ja menestyksekseksikk\u00e4it soittolistoi. Kyl se niin pal kauheet o.<\/p>\n","protected":false},"excerpt":{"rendered":"<p>Kyl! Soittolistan kuvaus voi ehrottomast olla ratkaseva tekij\u00e4 sen menestyksel. Soittolistan kuvaus meinaan tarjoaa algoritmeil, muil vipelt\u00e4jil ja ti\u00e4tty nii kuuntelijoil itellee semmosen tarvittavan kontekstin, jotta he ymm\u00e4rt\u00e4\u00e4, kenel se soittolista oikken sopii ja mit\u00e4 silt voi orottaa niinku. T\u00e4s\u00e4 artikkelis k\u00e4yr\u00e4\u00e4n l\u00e4pitte, kuinka o mahollista kirjottaa semmone tehokas ja houkutteleva soittolistan kuvaus, mik\u00e4 niin [&hellip;]<\/p>\n","protected":false},"author":1,"featured_media":188,"parent":0,"menu_order":0,"comment_status":"closed","ping_status":"closed","template":"","meta":{"footnotes":""},"class_list":["post-95","page","type-page","status-publish","has-post-thumbnail","hentry"],"_links":{"self":[{"href":"https:\/\/tuorettaturusta.com\/info\/wp-json\/wp\/v2\/pages\/95"}],"collection":[{"href":"https:\/\/tuorettaturusta.com\/info\/wp-json\/wp\/v2\/pages"}],"about":[{"href":"https:\/\/tuorettaturusta.com\/info\/wp-json\/wp\/v2\/types\/page"}],"author":[{"embeddable":true,"href":"https:\/\/tuorettaturusta.com\/info\/wp-json\/wp\/v2\/users\/1"}],"replies":[{"embeddable":true,"href":"https:\/\/tuorettaturusta.com\/info\/wp-json\/wp\/v2\/comments?post=95"}],"version-history":[{"count":3,"href":"https:\/\/tuorettaturusta.com\/info\/wp-json\/wp\/v2\/pages\/95\/revisions"}],"predecessor-version":[{"id":160,"href":"https:\/\/tuorettaturusta.com\/info\/wp-json\/wp\/v2\/pages\/95\/revisions\/160"}],"wp:featuredmedia":[{"embeddable":true,"href":"https:\/\/tuorettaturusta.com\/info\/wp-json\/wp\/v2\/media\/188"}],"wp:attachment":[{"href":"https:\/\/tuorettaturusta.com\/info\/wp-json\/wp\/v2\/media?parent=95"}],"curies":[{"name":"wp","href":"https:\/\/api.w.org\/{rel}","templated":true}]}}