{"id":89,"date":"2024-08-26T10:22:17","date_gmt":"2024-08-26T07:22:17","guid":{"rendered":"https:\/\/tuorettaturusta.com\/info\/?page_id=89"},"modified":"2024-09-10T07:05:54","modified_gmt":"2024-09-10T04:05:54","slug":"miten-rakentaa-yhteisoa-kappaleesi-ymparille-ennen-julkaisua","status":"publish","type":"page","link":"https:\/\/tuorettaturusta.com\/info\/miten-rakentaa-yhteisoa-kappaleesi-ymparille-ennen-julkaisua\/","title":{"rendered":"Mite s\u00e4\u00e4 rakennat yhteis\u00f6\u00f6 sun kappalees ymp\u00e4ril jo enne julkkasuu?"},"content":{"rendered":"\n<p class=\"has-drop-cap\" style=\"font-size:clamp(15.747px, 0.984rem + ((1vw - 3.2px) * 0.86), 24px);line-height:1.3\"><strong>Nykyaikan kappale menestys riippuu paljo my\u00e4s muustaki ku vaa sen musikaalisist ansioist ti\u00e4ks s\u00e4\u00e4. Ja yks t\u00e4rkleimmist menestystekij\u00f6ist o kappalee ymp\u00e4ril rakennettu yhteis\u00f6. Enne ku sun musikkis saavuttaa soittolistoje k\u00e4rjet, nii yhteis\u00f6 rakenttamine voi tehr\u00e4 eron ihan niinku menestykse ja ep\u00e4onnistumise v\u00e4lil! T\u00e4s\u00e4 artikkelis annamma konkreettisii vinkkei siihe, kui s\u00e4\u00e4 voit alottaa yhteis\u00f6 rakentamise jo ennen sun kappalees julkassuu.<\/strong><\/p>\n\n\n\n<h3 class=\"wp-block-heading\">1. Tunnist sun Kohreyleis\u00f6s.<\/h3>\n\n\n\n<p>Ensimm\u00e4inen askel yhteis\u00f6n rakentamisessa on ymm\u00e4rt\u00e4\u00e4, kenelle musikkis on tarkoitettu. Kartoita musatyyliis niche ja etsi samanhenkiset ihmiset, jotka todenn\u00e4k\u00f6isesti innostuu musastas. T\u00e4\u00e4 tarkottaa, ett\u00e4 sun on tunnettava &#8221;kohtaukset&#8221; ja yhteis\u00f6t, joissa musikkis vois menesty\u00e4. Esimerkiks FM-84 -artistin itseluottamus nous, ku h\u00e4n liitty 1980-lukua fanittavaan synthwave-Facebook-ryhm\u00e4\u00e4n ja alko jakaa grafiikoita tulevasta julkaisustaan. Ryhm\u00e4 auttoi h\u00e4nt\u00e4 saavuttamaan Bandcampin ja Spotifyn suosion nopeasti.<\/p>\n\n\n\n<h3 class=\"wp-block-heading\">2. Oo Aktiivine Sosiaalises Medias!<\/h3>\n\n\n\n<p>Sosiaalisen median l\u00e4sn\u00e4olo on v\u00e4ltt\u00e4m\u00e4t\u00f6nt\u00e4 yhteis\u00f6n rakentamisessa. Luo profiilit t\u00e4rkeimmille alustoille kuten Instagramille, TikTokille ja YouTubelle, ja julkaise s\u00e4\u00e4nn\u00f6llisesti sis\u00e4lt\u00f6\u00f6, joka antaa katsojille mahdollisuuden kurkistaa el\u00e4m\u00e4\u00e4s artistina. Viel\u00e4 t\u00e4rkeemp\u00e4\u00e4 on olla vuorovaikutuksessa seuraajies kans. Vastaile kommentteihin, julkaise seuraajien luomaa sis\u00e4lt\u00f6\u00f6 ja pid\u00e4 ne ajan tasalla tulevista projekteistas.<\/p>\n\n\n\n<h3 class=\"wp-block-heading\">3. Hy\u00f6rynn\u00e4 S\u00e4hk\u00f6postilistaa<\/h3>\n\n\n\n<p>Vaikka sosiaalinen media on t\u00e4rke\u00e4, s\u00e4hk\u00f6postilistan luominen ja yll\u00e4pito on tehokas tapa pit\u00e4\u00e4 yhteis\u00f6 tiiviin\u00e4 ja hyvin informoituna. L\u00e4het\u00e4 s\u00e4\u00e4nn\u00f6llisi\u00e4 uutiskirjeit\u00e4, joissa jaat uutisia, ennakkomateriaalia ja eksklusiivisia tarjouksia. S\u00e4hk\u00f6postilista tarjoaa henkil\u00f6kohtaisemman tavan olla yhteydess\u00e4 faneihisi, koska viestit tavoittaa heid\u00e4t suoraan heid\u00e4n henkil\u00f6kohtaisiin s\u00e4hk\u00f6postiosoitteisiinsa.<\/p>\n\n\n\n<h3 class=\"wp-block-heading\">4. Lua Mukaasatemppaava Sis\u00e4ltt\u00f6<\/h3>\n\n\n\n<p>Sis\u00e4lt\u00f6 on kuningas erityisesti musamaailmas. Hy\u00f6dynn\u00e4 monenlaista sis\u00e4lt\u00f6\u00f6 alkaen live-striimeist\u00e4 ja Q&amp;A-sessioista musavideoihin ja behind-the-scenes-materiaaleihin. Erilaisen sis\u00e4ll\u00f6n avulla voit pit\u00e4\u00e4 yleis\u00f6n mielenkiinnon yll\u00e4 ja tarjota heille monipuolisia tapoja kokea musikkis. Esimerkiks Madilyn Bailey ja muut varhaiset YouTubessa menestyneet artistit on hyv\u00e4 esimerkki siit\u00e4, kuinka s\u00e4\u00e4nn\u00f6llisten ja laadukkaiden videoiden julkaiseminen voi auttaa luomaan yhteis\u00f6n.<\/p>\n\n\n\n<h3 class=\"wp-block-heading\">5. Yhteisty\u00e4 ja Cross-promootio<\/h3>\n\n\n\n<p>Yhteisty\u00f6 muiden artistien ja vaikuttajien kanssa voi tuoda musalles n\u00e4kyvyytt\u00e4 ja uusia seuraajia. Etsi artisteja ja vaikuttajia, jotka jakaa saman yleis\u00f6n ku s\u00e4, ja luo yhteisty\u00f6projekteja, olipa kyseess\u00e4 sitten yhteinen kappale, striimi tai videoprojekti. Samalla voit hy\u00f6dynt\u00e4\u00e4 vaikuttajamarkkinointia ja saada apua tunnetuimmilta sosiaalisen median vaikuttajilta.<\/p>\n\n\n\n<h3 class=\"wp-block-heading\">6. Osallistu Keskusteluihi ja Vapaa-aja Toimintoihi&#8230;<\/h3>\n\n\n\n<p>Olipa kyseess\u00e4 live-esitykset tai osallistuminen online-yhteis\u00f6jen keskusteluihin, aktiivinen osallistuminen auttaa sua olemaan osa laajempaa musayhteis\u00f6\u00f6. K\u00e4yt\u00e4 aikaa tutustua faneihisi ja olla aidosti kiinnostunut heid\u00e4n mielipiteist\u00e4\u00e4n ja palautteesta. Se auttaa sua rakentamaa uskollisen ja sitoutuneen fanipohjan, joka tukee sua pitk\u00e4aikaisest.<\/p>\n\n\n\n<h3 class=\"wp-block-heading\">Yhteenveto<\/h3>\n\n\n\n<p>Yhteis\u00f6 rakenttamine kappalees ymp\u00e4ril enne ku sit on ti\u00e4ks\u00e4\u00e4 julkastu o pitk\u00e4j\u00e4ntteine rosessi, joka vaattii sitoutumist. Ku s\u00e4\u00e4 tunnet sun yleis\u00f6s, oot aktiivine sosiaalises metias, hy\u00f6rynn\u00e4t sun s\u00e4hk\u00f6postilistaa, luat mukaansatemppaava sis\u00e4lt\u00f6\u00f6, teet yhteisty\u00f6t muide artistie kans ja viel kaiken lis\u00e4ks osallistut aktiivisest kaikkii keskusteluihi, niin sillo s\u00e4 oot hyv\u00e4l tiel luomaa vahvan yhteis\u00f6 sun musikkisis ymp\u00e4ril. T\u00e4\u00e4 yhteis\u00f6 ei ainoostaa auta sua levitt\u00e4\u00e4 sun musikkias, vaa my\u00f6ski tukee ja innostaa sua ettep\u00e4i sun urallas.<\/p>\n","protected":false},"excerpt":{"rendered":"<p>Nykyaikan kappale menestys riippuu paljo my\u00e4s muustaki ku vaa sen musikaalisist ansioist ti\u00e4ks s\u00e4\u00e4. Ja yks t\u00e4rkleimmist menestystekij\u00f6ist o kappalee ymp\u00e4ril rakennettu yhteis\u00f6. Enne ku sun musikkis saavuttaa soittolistoje k\u00e4rjet, nii yhteis\u00f6 rakenttamine voi tehr\u00e4 eron ihan niinku menestykse ja ep\u00e4onnistumise v\u00e4lil! T\u00e4s\u00e4 artikkelis annamma konkreettisii vinkkei siihe, kui s\u00e4\u00e4 voit alottaa yhteis\u00f6 rakentamise jo [&hellip;]<\/p>\n","protected":false},"author":1,"featured_media":182,"parent":0,"menu_order":0,"comment_status":"closed","ping_status":"closed","template":"","meta":{"footnotes":""},"class_list":["post-89","page","type-page","status-publish","has-post-thumbnail","hentry"],"_links":{"self":[{"href":"https:\/\/tuorettaturusta.com\/info\/wp-json\/wp\/v2\/pages\/89"}],"collection":[{"href":"https:\/\/tuorettaturusta.com\/info\/wp-json\/wp\/v2\/pages"}],"about":[{"href":"https:\/\/tuorettaturusta.com\/info\/wp-json\/wp\/v2\/types\/page"}],"author":[{"embeddable":true,"href":"https:\/\/tuorettaturusta.com\/info\/wp-json\/wp\/v2\/users\/1"}],"replies":[{"embeddable":true,"href":"https:\/\/tuorettaturusta.com\/info\/wp-json\/wp\/v2\/comments?post=89"}],"version-history":[{"count":2,"href":"https:\/\/tuorettaturusta.com\/info\/wp-json\/wp\/v2\/pages\/89\/revisions"}],"predecessor-version":[{"id":138,"href":"https:\/\/tuorettaturusta.com\/info\/wp-json\/wp\/v2\/pages\/89\/revisions\/138"}],"wp:featuredmedia":[{"embeddable":true,"href":"https:\/\/tuorettaturusta.com\/info\/wp-json\/wp\/v2\/media\/182"}],"wp:attachment":[{"href":"https:\/\/tuorettaturusta.com\/info\/wp-json\/wp\/v2\/media?parent=89"}],"curies":[{"name":"wp","href":"https:\/\/api.w.org\/{rel}","templated":true}]}}