{"id":82,"date":"2024-08-26T09:05:41","date_gmt":"2024-08-26T06:05:41","guid":{"rendered":"https:\/\/tuorettaturusta.com\/info\/?page_id=82"},"modified":"2024-09-10T07:02:54","modified_gmt":"2024-09-10T04:02:54","slug":"miten-ja-milloin-lahettaa-musiikkisi-soittolistalle","status":"publish","type":"page","link":"https:\/\/tuorettaturusta.com\/info\/miten-ja-milloin-lahettaa-musiikkisi-soittolistalle\/","title":{"rendered":"Mite ja millo olis hyv\u00e4 hetki l\u00e4hett\u00e4\u00e4 mun musiikkii sil vissii soittolistoil ti\u00e4ks\u00e4\u00e4?"},"content":{"rendered":"\n<p class=\"has-drop-cap\" style=\"font-size:clamp(15.747px, 0.984rem + ((1vw - 3.2px) * 0.86), 24px);line-height:1.3\"><strong>Soittolista on nykyaikaise musiikkimarkkinoinni kulmakivii. Oikee ajotus ja ratekine l\u00e4hestymistapa soittolistoje toimituksel voi merkitt\u00e4v\u00e4st parantta mahrollisuuksias saara sun musiikkis sil viissii l\u00f6yretyks. T\u00e4s\u00e4 artikkelisa k\u00e4sittelemme parhait ajankohtii sek\u00e4 koko halvatu prosessii ku s\u00e4\u00e4 l\u00e4het\u00e4 kappalees soittolistojen arvioitavaks.<\/strong><\/p>\n\n\n\n<h3 class=\"wp-block-heading\">Millo sit pit\u00e4s L\u00e4hett\u00e4\u00e4 mun Kappale semmossel Soittolistal?<\/h3>\n\n\n\n<p><strong>Julkaisuaika:<\/strong> Ensimm\u00e4iseks on hyv\u00e4 muistaa, ett\u00e4 on suositeltavaa aloittaa kappaleen l\u00e4hett\u00e4minen soittolistoille v\u00e4hint\u00e4\u00e4n 4\u20136 viikkoa ennen julkaisup\u00e4iv\u00e4\u00e4. T\u00e4\u00e4 antaa soittolistaeditorille riitt\u00e4v\u00e4\u00e4 aikaa arvioida kappalees ja lis\u00e4t\u00e4 se sopivaa soittolistaan julkaisup\u00e4iv\u00e4n l\u00e4hestyess\u00e4. Esimerkiks, jos suunnittelet kappaleen julkaisua helmikuun alussa, kappaleen pit\u00e4s olla toimitettuna jo joulukuun puoliv\u00e4lin aikoihin.<\/p>\n\n\n\n<p><strong>Aikataulut ja Julkaisusyklit:<\/strong> Julkaisut nelj\u00e4 kertaa vuodessa voi auttaa pit\u00e4m\u00e4\u00e4n momentumia yll\u00e4. Jokaisen julkaisun yhteydess\u00e4 aktiivinen soittolistojen l\u00e4hestyminen auttaa pit\u00e4m\u00e4\u00e4n kuuntelijam\u00e4\u00e4r\u00e4t korkeina. N\u00e4in voit optimoida markkinointikampanjasi ja pit\u00e4\u00e4 soittolistat osana jatkuvaa promootiosuunnitelmaa.<\/p>\n\n\n\n<h3 class=\"wp-block-heading\">Miten m\u00e4\u00e4 sit L\u00e4het\u00e4 mun Kappalee Soittolistal?<\/h3>\n\n\n\n<p><strong>Spotify for Artists -ty\u00f6kalu:<\/strong> Spotify tarjoaa suoran l\u00e4hetysportaalin Spotify for Artists -ty\u00f6kalussa. Kun olet kirjautunut ty\u00f6kalun k\u00e4ytt\u00e4j\u00e4ksi, voit l\u00e4hett\u00e4\u00e4 uuden kappalees Spotify-editorien arvioitavaksi. T\u00e4yt\u00e4 kaikki tarvittavat tiedot, kuten genre, tunnelma, julkaisutiedot ja lyhyt kuvaus kappaleesta. T\u00e4\u00e4 on yks tehokkaimmista tavoista saada virallista editorien huomiota.<\/p>\n\n\n\n<p><strong>Soittolistojen Genren Tunnistaminen:<\/strong> Ennen l\u00e4hett\u00e4mist\u00e4 on t\u00e4rkeet\u00e4 ymm\u00e4rt\u00e4\u00e4, mik\u00e4 genre ja tunnelma sopii kappaleelles. Tutustu eri soittolistoihin ja niiden kappaleisiin. K\u00e4yt\u00e4 erilaisia ty\u00f6kaluja ja alustoja, kuten Chartmetric.io, saadakses yksityiskohtaista tietoo soittolistoista ja editorien s\u00e4hk\u00f6postiosoitteista.<\/p>\n\n\n\n<p><strong>Kontaktit ja Verkostoituminen:<\/strong> Vaikka viralliset portaalit on olemassa, kannattaa my\u00f6s pyrki\u00e4 suoraan yhteydenpitoon soittolistaeditorien kanssa. Kontakti voi olla esimerkiks s\u00e4hk\u00f6posti, jossa esittelet itses, musaasis ja kerrot, miksi kappalees sopisi heid\u00e4n soittolistalleen. T\u00e4rkeet\u00e4 on kuitenki tehd\u00e4 t\u00e4m\u00e4 kunnioittavasti ja v\u00e4ltt\u00e4\u00e4 liian aggressiivista l\u00e4hestymistapaa.<\/p>\n\n\n\n<p><strong>K\u00e4yt\u00e4 Alustoja, Kuten SubmitHub ja PlaylistPush:<\/strong> N\u00e4\u00e4 alustat tarjoaa mahdollisuuden maksullisiin l\u00e4hetyksiin, joissa voit l\u00e4hett\u00e4\u00e4 kappalees suoraan useille soittolistaeditoreille tarkasteltavaksi. N\u00e4iss\u00e4 palveluissa maksat &#8221;arvostelusta&#8221; eik\u00e4 suoraan kappaleen lis\u00e4\u00e4misest\u00e4 soittolistalle, mik\u00e4 tekee k\u00e4yt\u00e4nn\u00f6st\u00e4 hyv\u00e4ksytt\u00e4v\u00e4n Spotifyn k\u00e4ytt\u00f6ehtojen mukaan.<\/p>\n\n\n\n<h3 class=\"wp-block-heading\">Soittolistoje S\u00e4ilymine<\/h3>\n\n\n\n<p>On hyv\u00e4 pit\u00e4\u00e4 mieless\u00e4, ett\u00e4 vaikka p\u00e4\u00e4setkin soittolistalle, se ei v\u00e4ltt\u00e4m\u00e4tt\u00e4 takaa pitk\u00e4n aikav\u00e4lin menestyst\u00e4. Playlisteissa mukana oleminen saattaa olla lyhytaikaista, joten on t\u00e4rkeet\u00e4 rakentaa rinnakkain my\u00f6s muuta markkinointistrategiaa ja fanipohjaa, jotta kasvus ei pelk\u00e4st\u00e4\u00e4n riipu soittolistojen suosiosta.<\/p>\n\n\n\n<h3 class=\"wp-block-heading\">Lopuks ihan vaa&#8230;<\/h3>\n\n\n\n<p>Musan l\u00e4hett\u00e4minen soittolistoille on yhdistelm\u00e4 oikeaa ajoitusta ja strategista l\u00e4hestymist\u00e4. K\u00e4yt\u00e4 Spotify for Artists -ty\u00f6kalua tehokkaasti, verkostoidu soittolistaeditorien kanssa ja hy\u00f6dynn\u00e4 palveluita, kuten SubmitHub ja PlaylistPush, saadakses kappalees oikeiden ihmisten kuultavaks. Ja muista, ett\u00e4 menestys vaatii jatkuvaa ty\u00f6t\u00e4 ja innovatiivisia markkinointistrategioita.<\/p>\n\n\n\n<p>Kun hoidat l\u00e4hetyst\u00e4 huolellisesti ja harkitusti, parannat merkitt\u00e4v\u00e4sti mahdollisuuksiasi saada kappalees kuultavaks laajemmin ja rakennat vahvemman aseman musamaailmassa. Oikea ajoitus ja huolellisuus on avaimet menestykseen.<\/p>\n\n\n\n<p><\/p>\n","protected":false},"excerpt":{"rendered":"<p>Soittolista on nykyaikaise musiikkimarkkinoinni kulmakivii. Oikee ajotus ja ratekine l\u00e4hestymistapa soittolistoje toimituksel voi merkitt\u00e4v\u00e4st parantta mahrollisuuksias saara sun musiikkis sil viissii l\u00f6yretyks. T\u00e4s\u00e4 artikkelisa k\u00e4sittelemme parhait ajankohtii sek\u00e4 koko halvatu prosessii ku s\u00e4\u00e4 l\u00e4het\u00e4 kappalees soittolistojen arvioitavaks. Millo sit pit\u00e4s L\u00e4hett\u00e4\u00e4 mun Kappale semmossel Soittolistal? Julkaisuaika: Ensimm\u00e4iseks on hyv\u00e4 muistaa, ett\u00e4 on suositeltavaa aloittaa kappaleen [&hellip;]<\/p>\n","protected":false},"author":1,"featured_media":180,"parent":0,"menu_order":0,"comment_status":"closed","ping_status":"closed","template":"","meta":{"footnotes":""},"class_list":["post-82","page","type-page","status-publish","has-post-thumbnail","hentry"],"_links":{"self":[{"href":"https:\/\/tuorettaturusta.com\/info\/wp-json\/wp\/v2\/pages\/82"}],"collection":[{"href":"https:\/\/tuorettaturusta.com\/info\/wp-json\/wp\/v2\/pages"}],"about":[{"href":"https:\/\/tuorettaturusta.com\/info\/wp-json\/wp\/v2\/types\/page"}],"author":[{"embeddable":true,"href":"https:\/\/tuorettaturusta.com\/info\/wp-json\/wp\/v2\/users\/1"}],"replies":[{"embeddable":true,"href":"https:\/\/tuorettaturusta.com\/info\/wp-json\/wp\/v2\/comments?post=82"}],"version-history":[{"count":4,"href":"https:\/\/tuorettaturusta.com\/info\/wp-json\/wp\/v2\/pages\/82\/revisions"}],"predecessor-version":[{"id":136,"href":"https:\/\/tuorettaturusta.com\/info\/wp-json\/wp\/v2\/pages\/82\/revisions\/136"}],"wp:featuredmedia":[{"embeddable":true,"href":"https:\/\/tuorettaturusta.com\/info\/wp-json\/wp\/v2\/media\/180"}],"wp:attachment":[{"href":"https:\/\/tuorettaturusta.com\/info\/wp-json\/wp\/v2\/media?parent=82"}],"curies":[{"name":"wp","href":"https:\/\/api.w.org\/{rel}","templated":true}]}}