{"id":80,"date":"2024-08-26T08:59:59","date_gmt":"2024-08-26T05:59:59","guid":{"rendered":"https:\/\/tuorettaturusta.com\/info\/?page_id=80"},"modified":"2024-09-10T07:06:48","modified_gmt":"2024-09-10T04:06:48","slug":"tarkeimmat-asiat-kappaleen-metatiedoissa-ennen-lahettamista","status":"publish","type":"page","link":"https:\/\/tuorettaturusta.com\/info\/tarkeimmat-asiat-kappaleen-metatiedoissa-ennen-lahettamista\/","title":{"rendered":"Mitk\u00e4 ol t\u00e4rkkeimm\u00e4t asijat mun kappalee metatiedois ti\u00e4ks\u00e4\u00e4 ennen l\u00e4hett\u00e4mist?"},"content":{"rendered":"\n<p class=\"has-drop-cap\" style=\"font-size:clamp(15.747px, 0.984rem + ((1vw - 3.2px) * 0.86), 24px);line-height:1.3\"><strong>Oikei t\u00e4ytety metatierot voi tehr\u00e4 suure ero siin, kui sun kappalees sil viissii n\u00e4kyy ja l\u00f6yret\u00e4\u00e4 ti\u00e4ks\u00e4\u00e4. Metatierot on ku musakappalee k\u00e4yntikortti, joka auttaa sit erottumaa joukost ja l\u00f6yt\u00e4m\u00e4\u00e4 tiens\u00e4 oikeen yleis\u00f6 korvii. T\u00e4s\u00e4 artikkelisa opastetaahan, kuinka t\u00e4ytt\u00e4\u00e4 ne niin pal kauheen t\u00e4rkki\u00e4t metatiedot sil viissii oikei ja mit\u00e4 o erityise t\u00e4rkeet\u00e4 huomioira ti\u00e4ks\u00e4\u00e4.<\/strong><\/p>\n\n\n\n<h3 class=\"wp-block-heading\">Mik\u00e4 oikeesttaa o niire Metatietoje Merkitys?<\/h3>\n\n\n\n<p>Metatierot o ratkaiseva t\u00e4rkkeit, koska niire avul musiikkialustat kute vaik Spotify, Apple Music ja YouTube pystyy sil viissii luokittelemaa ja suosittelemaa kappaleit niitten kuuntelijoil. Oikein t\u00e4ytetyt metatiedot auttaa sua varmistamaa, ett\u00e4 sun kappalees l\u00f6ytyy niin pal kauheest haus ja et oikeet ihmiset sil viissii l\u00f6yt\u00e4\u00e4 sun musikkis.<\/p>\n\n\n\n<h3 class=\"wp-block-heading\">Kappalee Nimi ja Artisti<\/h3>\n\n\n\n<p>Perusasia mutta ratkaiseva: kappaleen nimi ja artistin nimi tulee t\u00e4ytt\u00e4\u00e4 t\u00e4sm\u00e4lleen oikein. V\u00e4lt\u00e4 erikoismerkkej\u00e4 ja varmista, ett\u00e4 kirjainkoko ja v\u00e4limerkit on kohdillaan. Pienetkin virheet voi vaikuttaa siihen, kuin kappalees hakuindeksoidaan ja n\u00e4ytet\u00e4\u00e4n palveluissa.<\/p>\n\n\n\n<h3 class=\"wp-block-heading\">Albumin Nimi ja JulkKasuvuos<\/h3>\n\n\n\n<p>Jos kappale kuuluu albumii, varmista, ett\u00e4 albumin nimi ja julkaisuvuosi on merkitty oikein. T\u00e4m\u00e4 tieto auttaa kuuntelijoita l\u00f6yt\u00e4m\u00e4\u00e4n koko albumin ja tuo yhten\u00e4isyytt\u00e4 julkaisuihisi. Julkaisuvuosi on t\u00e4rke\u00e4 erityisesti kronologisen luetteloinnin kannalta.<\/p>\n\n\n\n<h3 class=\"wp-block-heading\">Genre ja Tunnelmat<\/h3>\n\n\n\n<p>Genre- ja tunnelmakategoriat auttaa algoritmei suosittelemaa sun kappalettas sil viissii oikeil kuuntelijoil. Valitse tarkasti kuvaavat genre- ja tunnelmakoodit, mut \u00e4l\u00e4 liioittele. Yleisen\u00e4 s\u00e4\u00e4nt\u00f6n\u00e4 kannattaa valita 1-3 p\u00e4\u00e4genre\u00e4 ja muutama tunnelmatyyppi, jotka parhaiten kuvaa kappalees tyyli\u00e4.<\/p>\n\n\n\n<h3 class=\"wp-block-heading\">Kappalee Kirjottajat ja Tuattajat<\/h3>\n\n\n\n<p>Kirjoittaessa metatietoja on t\u00e4rke\u00e4 sis\u00e4llytt\u00e4\u00e4 kappaleen kirjoittajien ja tuottajien nimet. Useimmat suoratoistopalvelut n\u00e4ytt\u00e4\u00e4 n\u00e4m\u00e4 tiedot, ja oikeat kreditit auttaa rakentamaan ammatillista mainetta sek\u00e4 varmistaa asianmukaiset tekij\u00e4noikeuskorvaukset kaikille osapuolille.<\/p>\n\n\n\n<h3 class=\"wp-block-heading\">ISRC-koodi<\/h3>\n\n\n\n<p>ISRC (International Standard Recording Code) on kansainv\u00e4linen tunnistekoodi, joka yksil\u00f6i \u00e4\u00e4nitteet. T\u00e4m\u00e4 koodi on musan &#8221;sosiaaliturvatunnus&#8221; ja sit\u00e4 k\u00e4ytet\u00e4\u00e4n kappaleen seurannassa, myynneiss\u00e4 ja rojalteissa. Mik\u00e4li oot julkaisemassa kappalees ensimm\u00e4ist\u00e4 kertaa, huolehdi, ett\u00e4 sulla on ISRC-koodi, ja merkitse se oikein metadataan.<\/p>\n\n\n\n<h3 class=\"wp-block-heading\">Sanotukset<\/h3>\n\n\n\n<p>Monet suoratoistopalvelut tarjoaa mahdollisuuden n\u00e4ytt\u00e4\u00e4 kappaleiden sanoitukset kuuntelijoille. Lyrics-osion t\u00e4ydent\u00e4minen voi parantaa kuuntelukokemusta ja antaa faneille syvemm\u00e4n yhteyden kappaleeseesi. T\u00e4m\u00e4 voi my\u00f6s parantaa kappalees n\u00e4kyvyytt\u00e4, sill\u00e4 k\u00e4ytt\u00e4j\u00e4t saattaa hakea sanoituksia.<\/p>\n\n\n\n<h3 class=\"wp-block-heading\">Sidosryhm\u00e4t ja Yhteystierot<\/h3>\n\n\n\n<p>Metadataan kannattaa my\u00f6s lis\u00e4t\u00e4 kontaktitietoja, kuten s\u00e4hk\u00f6postiosoite tai puhelinnumero, varsinkin jos kappalees mahdollisesti kiinnostaa esimerkiksi musasupervisoreja tai DJ:t\u00e4. T\u00e4m\u00e4 helpottaa yhteydenpitoa ja saattaa avata uusia mahdollisuuksia musas esille tuomisessa.<\/p>\n\n\n\n<h3 class=\"wp-block-heading\">Muut sil viissiin Huomionarvoset Tierot<\/h3>\n\n\n\n<p><strong>Cover-kappaleet ja Luvat:<\/strong> Jos kyseess\u00e4 on cover-kappale, varmista ett\u00e4 kaikki tarvittavat luvat ja lisenssit on hankittu ja merkitty oikein.<\/p>\n\n\n\n<p><strong>Kappaleen Versiot:<\/strong> Jos julkaiset useita versioita kappaleesta (esim. instrumentaali versio tai remix), varmista ett\u00e4 versiot on merkitty selv\u00e4sti ja erottuvasti, jotta kuuntelijat l\u00f6yt\u00e4v\u00e4t just haluamansa version.<\/p>\n\n\n\n<p><strong>BPM ja Avain:<\/strong> N\u00e4it\u00e4 tietoja k\u00e4ytet\u00e4\u00e4n erityisesti DJ-ohjelmistoissa ja tietyill\u00e4 suoratoistoalustoilla, joten ne on t\u00e4rkeit\u00e4 kappaleen l\u00f6ytymisen ja k\u00e4ytett\u00e4vyyden kannalta.<\/p>\n\n\n\n<h3 class=\"wp-block-heading\">Yhteenveto<\/h3>\n\n\n\n<p>Metaratan t\u00e4ytt\u00e4mine on niin pal kauhee mut t\u00e4rkkee teht\u00e4v\u00e4, jot ei saa men j\u00e4tt\u00e4\u00e4 huomiotta tai tehr\u00e4 liiallises niin pal kauhees kiirees. Oikein ja huolellisest t\u00e4ytetyt metatierot voi olla ti\u00e4ks\u00e4\u00e4 ratkaseva tekij\u00e4 siin\u00e4, kuinka hyvi sun kappalees l\u00f6yret\u00e4\u00e4 ja vastaanotetaa. Varmista ittelles, et kaik tarvittava tieto o t\u00e4ytetty tarkast ja sit kans oikkein, ennen ku s\u00e4\u00e4 l\u00e4het\u00e4t sun kappalees ulkkomaailma. N\u00e4in s\u00e4\u00e4 parannat merkitt\u00e4v\u00e4st sun kappalees mahrollisuuksia n\u00e4kyy ti\u00e4ks\u00e4\u00e4, ja l\u00f6ytyy ja sil viissiin menesty\u00e4.<\/p>\n\n\n\n<p>Muistaha se, et pi\u00e4net yksityiskohrat voi tehd\u00e4 niin pal kauheen suure eron musabisnekses. Ota siis ittelles kunnol aikkaa metatietoje huolellisee t\u00e4ytt\u00e4misee ja valmistauru sil vissiin tulevaa menestyksellisee musajulkkasuu! On se niin pal kauheet.<\/p>\n","protected":false},"excerpt":{"rendered":"<p>Oikei t\u00e4ytety metatierot voi tehr\u00e4 suure ero siin, kui sun kappalees sil viissii n\u00e4kyy ja l\u00f6yret\u00e4\u00e4 ti\u00e4ks\u00e4\u00e4. Metatierot on ku musakappalee k\u00e4yntikortti, joka auttaa sit erottumaa joukost ja l\u00f6yt\u00e4m\u00e4\u00e4 tiens\u00e4 oikeen yleis\u00f6 korvii. T\u00e4s\u00e4 artikkelisa opastetaahan, kuinka t\u00e4ytt\u00e4\u00e4 ne niin pal kauheen t\u00e4rkki\u00e4t metatiedot sil viissii oikei ja mit\u00e4 o erityise t\u00e4rkeet\u00e4 huomioira ti\u00e4ks\u00e4\u00e4. Mik\u00e4 [&hellip;]<\/p>\n","protected":false},"author":1,"featured_media":183,"parent":0,"menu_order":0,"comment_status":"closed","ping_status":"closed","template":"","meta":{"footnotes":""},"class_list":["post-80","page","type-page","status-publish","has-post-thumbnail","hentry"],"_links":{"self":[{"href":"https:\/\/tuorettaturusta.com\/info\/wp-json\/wp\/v2\/pages\/80"}],"collection":[{"href":"https:\/\/tuorettaturusta.com\/info\/wp-json\/wp\/v2\/pages"}],"about":[{"href":"https:\/\/tuorettaturusta.com\/info\/wp-json\/wp\/v2\/types\/page"}],"author":[{"embeddable":true,"href":"https:\/\/tuorettaturusta.com\/info\/wp-json\/wp\/v2\/users\/1"}],"replies":[{"embeddable":true,"href":"https:\/\/tuorettaturusta.com\/info\/wp-json\/wp\/v2\/comments?post=80"}],"version-history":[{"count":2,"href":"https:\/\/tuorettaturusta.com\/info\/wp-json\/wp\/v2\/pages\/80\/revisions"}],"predecessor-version":[{"id":152,"href":"https:\/\/tuorettaturusta.com\/info\/wp-json\/wp\/v2\/pages\/80\/revisions\/152"}],"wp:featuredmedia":[{"embeddable":true,"href":"https:\/\/tuorettaturusta.com\/info\/wp-json\/wp\/v2\/media\/183"}],"wp:attachment":[{"href":"https:\/\/tuorettaturusta.com\/info\/wp-json\/wp\/v2\/media?parent=80"}],"curies":[{"name":"wp","href":"https:\/\/api.w.org\/{rel}","templated":true}]}}