{"id":78,"date":"2024-08-26T08:58:42","date_gmt":"2024-08-26T05:58:42","guid":{"rendered":"https:\/\/tuorettaturusta.com\/info\/?page_id=78"},"modified":"2024-09-10T06:56:37","modified_gmt":"2024-09-10T03:56:37","slug":"miten-hyodynnat-spotify-for-artists-tyokalua-ennen-kappaleen-lahettamista","status":"publish","type":"page","link":"https:\/\/tuorettaturusta.com\/info\/miten-hyodynnat-spotify-for-artists-tyokalua-ennen-kappaleen-lahettamista\/","title":{"rendered":"Kuin m\u00e4\u00e4 hy\u00f6dynn\u00e4 Spotify for Artists -ty\u00f6kaluu sil viissii enne mun kappalee l\u00e4hett\u00e4mist ti\u00e4ks\u00e4\u00e4?"},"content":{"rendered":"\n<p class=\"has-drop-cap\" style=\"font-size:clamp(15.747px, 0.984rem + ((1vw - 3.2px) * 0.86), 24px);line-height:1.3\"><strong>Spotify for Artists on korvaamaton ty\u00f6kalu, joka tarjoaatten artisteil mahdollisuure hallita ja optimoida sil viissiin musiikkinsa esillepanoo Spotifyss\u00e4. T\u00e4\u00e4 ty\u00f6kalu antaa sulle valmiudet parantaa sun kappaleittes mahdollisuuksii p\u00e4\u00e4st soittolistoil ja tavottaa laajemman yleis\u00f6. T\u00e4s\u00e4 artikkelis k\u00e4sitell\u00e4\u00e4 sit\u00e4, kuinka s\u00e4\u00e4 voit k\u00e4ytt\u00e4\u00e4 t\u00e4t\u00e4 ty\u00f6kaluu hy\u00f6dyks ennen sun oman kappalees l\u00e4hett\u00e4mist\u00e4 eetterii, jotta s\u00e4\u00e4 voit maksimoira sun menestykses.<\/strong><\/p>\n\n\n\n<h3 class=\"wp-block-heading\">Sun Profiilis Optimointi ti\u00e4ks\u00e4\u00e4?<\/h3>\n\n\n\n<p>Ensimm\u00e4ine askel o optimoida sun Spotify-profiilis. Varmist, et sun profiilis o t\u00e4yrellisest t\u00e4ytetty ja ammattimaisen n\u00e4k\u00f6ne:<\/p>\n\n\n\n<ul class=\"wp-block-list\">\n<li><strong>Profiilikuva ja Panneri:<\/strong> Kuvien ja pannerien tulee olla korkealaatuisii ja ajantasaisii.<\/li>\n\n\n\n<li><strong>Artistibiokrafia:<\/strong> Kirjota kiehtova artistibiografiikka, jok antaa kuuntelijoil niin pal kauheest tietoo susta ja sun musiikistas.<\/li>\n\n\n\n<li><strong>Yhteystierot:<\/strong> Lis\u00e4\u00e4 sun yhteystietos, jotta esimerkiks musasupervisooreit, toimittajii ja kaiken sortin niin pal kauheit fanei voi ottaa maar sinuu helpost yhteyt.<\/li>\n<\/ul>\n\n\n\n<h3 class=\"wp-block-heading\">Kappaleen L\u00e4hett\u00e4mine Spotifylle<\/h3>\n\n\n\n<p><strong><a href=\"https:\/\/artists.spotify.com\/\">Spotify for Artists -ty\u00f6kalun<\/a><\/strong> avul s\u00e4\u00e4 voit l\u00e4hett\u00e4\u00e4 kappalees ennakkoo Spotify-editorien arvioitavaks:<\/p>\n\n\n\n<ul class=\"wp-block-list\">\n<li><strong>T\u00e4yt\u00e4 Kaikki Tarvittavat Tierot:<\/strong> Genre, tunnelma ja julkaisutiedot tulee olla oikein t\u00e4ytettyj\u00e4.<\/li>\n\n\n\n<li><strong>Kirjoita Tarkka ja Kiinnostava Kuvaus:<\/strong> T\u00e4\u00e4 voi auttaa erottumaan muiden joukost ja her\u00e4tt\u00e4\u00e4 editorienkin mielenkiinnon ti\u00e4ks\u00e4\u00e4.<\/li>\n<\/ul>\n\n\n\n<h3 class=\"wp-block-heading\">Analytiika Hy\u00f6rynt\u00e4mine<\/h3>\n\n\n\n<p><strong><a href=\"https:\/\/artists.spotify.com\/\">Spotify for Artists<\/a><\/strong> tarjoaa yksityiskohtaista analytiikkaa musiikkisi suoriutumisesta:<\/p>\n\n\n\n<ul class=\"wp-block-list\">\n<li><strong>Kuuntelijadata:<\/strong> N\u00e4e, mist\u00e4 kuuntelijasi tulevat, mink\u00e4 ik\u00e4isi\u00e4 he ovat ja milloin he kuuntelevat musiikkiasi.<\/li>\n\n\n\n<li><strong>Markkinointistrategiat:<\/strong> K\u00e4yt\u00e4 t\u00e4t\u00e4 tietoa markkinointistrategioiden suunnitteluun ja toteuttamiseen. Esimerkiksi, jos huomaat, ett\u00e4 tietty kaupunki on erityisen kiinnostunut musiikistasi, kohdenna mainontaa kyseiselle alueelle.<\/li>\n<\/ul>\n\n\n\n<h3 class=\"wp-block-heading\">Canvas-vireot<\/h3>\n\n\n\n<p>Canvas-videoiden k\u00e4ytt\u00f6 on erinomainen tapa tehd\u00e4 kappaleestasi visuaalisesti houkutteleva:<\/p>\n\n\n\n<ul class=\"wp-block-list\">\n<li><strong>Canvas-video:<\/strong> 8 sekunnin silmukka, joka esitet\u00e4\u00e4n kappaleesi toiston aikana Spotifyss\u00e4.<\/li>\n\n\n\n<li><strong>Luo Vaikuttava ja Kiinnitt\u00e4v\u00e4 Video:<\/strong> T\u00e4m\u00e4 parantaa k\u00e4ytt\u00e4j\u00e4kokemusta ja saa kuuntelijat palaamaan kappaleesi pariin yh\u00e4 uudelleen.<\/li>\n<\/ul>\n\n\n\n<h3 class=\"wp-block-heading\">Keikkoje Ilmottamine!<\/h3>\n\n\n\n<p><strong><a href=\"https:\/\/artists.spotify.com\/\">Spotify for Artists -ty\u00f6kalu<\/a><\/strong> antaa sulle mahdollisuure ilmottaa tulevista keikoistas ja konserteistas. <em>T\u00e4\u00e4 on er\u00e4s semmonen niin pal kauheen t\u00e4rkee osa sun artistirofiilias ku joku tsiikaa laitetaanko sun piisi Spotifyn omille soittolistoil ti\u00e4ks\u00e4\u00e4.<\/em><\/p>\n\n\n\n<ul class=\"wp-block-list\">\n<li><strong>Tulevat Tapahtumat:<\/strong> Listaa kaikki tulevat tapahtumat profiilissasi, jotta fanit pysyy ajan tasalla ja sitoutuneina.<\/li>\n<\/ul>\n\n\n\n<h3 class=\"wp-block-heading\">Soittolistoje Hy\u00f6rynt\u00e4mine<\/h3>\n\n\n\n<p>Soittolistat on yks tehokkaimmista tavoista kasvattaa kappaleesi toistoja Spotifyss\u00e4:<\/p>\n\n\n\n<ul class=\"wp-block-list\">\n<li><strong>Omat Soittolistat:<\/strong> Luo omia soittolistoja, jotka heijastavat musiikkityyli\u00e4si ja sis\u00e4lt\u00e4v\u00e4t my\u00f6s muiden artistien kappaleita.<\/li>\n\n\n\n<li><strong>Yhteisty\u00f6 muiden artistien kanssa:<\/strong> N\u00e4in voit osoittaa, millaisessa seurassa musiikkisi toimii parhaiten ja tehd\u00e4 yhteisty\u00f6t\u00e4 muiden artistien kanssa.<\/li>\n<\/ul>\n\n\n\n<h3 class=\"wp-block-heading\">Yhteystietoje Tarjoomine!<\/h3>\n\n\n\n<p>On t\u00e4rke\u00e4\u00e4, ett\u00e4 profiilistasi l\u00f6ytyy my\u00f6s yhteystiedot, kuten s\u00e4hk\u00f6postiosoite tai verkossa oleva yhteydenottolomake, jotta yhteisty\u00f6kumppanit voi ottaa sinuun helposti yhteytt\u00e4.<\/p>\n\n\n\n<h3 class=\"wp-block-heading\">Yhteenveto&#8230;<\/h3>\n\n\n\n<p><strong><a href=\"https:\/\/artists.spotify.com\/\">Spotify for Artists -ty\u00f6kalun<\/a><\/strong> niin pal kauhian tehokas k\u00e4ytt\u00f6 vaatii sit maar suunnitteluu ja huolellisuut, mut vakta o et se voi merkitt\u00e4v\u00e4st parantaa sun kappalees n\u00e4kyvyyt ja menestyst.<\/p>\n\n\n\n<ul class=\"wp-block-list\">\n<li><strong>Rofiilin optimointi:<\/strong> Varmista, et profiilis on t\u00e4ydellisest t\u00e4ytetty ja ammattimaise n\u00e4k\u00f6nen.<\/li>\n\n\n\n<li><strong>Kappaleen l\u00e4hetystietojen t\u00e4ytt\u00e4mine:<\/strong> T\u00e4yt\u00e4 kaik tarvittavat tierot sek\u00e4 kirjota kiinnostava kuvaus.<\/li>\n\n\n\n<li><strong>Analytiikan hy\u00f6dynt\u00e4mine:<\/strong> K\u00e4yt\u00e4 analytiikkatietoi markkinointistrategioire suunnitteluu ja kohdentamisee.<\/li>\n\n\n\n<li><strong>Canvas-videoiden luomine:<\/strong> Luo vaikuttavii ja kiinnostavii videoit sun kappaleilles.<\/li>\n\n\n\n<li><strong>Soittolistojen hy\u00f6rynt\u00e4mine:<\/strong> Luo omia soittolistoi ja tee yhteisty\u00f6t sil viissiin muire artistien kans.<\/li>\n\n\n\n<li><strong>Yhteystietojen tarjoomine:<\/strong> Lis\u00e4\u00e4 selkeet yhteystierot sun profiiliis.<\/li>\n<\/ul>\n\n\n\n<p>Huolellisuus ja ratekinen l\u00e4hestymine enne julkaisuu voi maksimoira sun kappalees mahrollisuudet tavottaa laajempi jengi ja menestyy sil viissiin niin pal kauhiast. <\/p>\n\n\n\n<p>Muista aina, et avain menestyksee o jatkuva oppimine ja mukautumine ti\u00e4ks\u00e4\u00e4 t\u00e4h\u00e4 muuttuvaa musabisneksee. <strong><a href=\"https:\/\/artists.spotify.com\">Spotify for Artists -ty\u00f6kalu<\/a><\/strong> tarjoaa sulle niin pal kauhian k\u00e4tev\u00e4t v\u00e4lineet, mut sulta itelt\u00e4 k\u00e4sit\u00e4ks\u00e4\u00e4 vaaritaa tahtoo ja luovuut hy\u00f6rynt\u00e4\u00e4 niit t\u00e4ysm\u00e4\u00e4r\u00e4sest! <\/p>\n\n\n\n<p>On se niin pal kauhian tehokast ku vaa ossaa.<\/p>\n","protected":false},"excerpt":{"rendered":"<p>Spotify for Artists on korvaamaton ty\u00f6kalu, joka tarjoaatten artisteil mahdollisuure hallita ja optimoida sil viissiin musiikkinsa esillepanoo Spotifyss\u00e4. T\u00e4\u00e4 ty\u00f6kalu antaa sulle valmiudet parantaa sun kappaleittes mahdollisuuksii p\u00e4\u00e4st soittolistoil ja tavottaa laajemman yleis\u00f6. T\u00e4s\u00e4 artikkelis k\u00e4sitell\u00e4\u00e4 sit\u00e4, kuinka s\u00e4\u00e4 voit k\u00e4ytt\u00e4\u00e4 t\u00e4t\u00e4 ty\u00f6kaluu hy\u00f6dyks ennen sun oman kappalees l\u00e4hett\u00e4mist\u00e4 eetterii, jotta s\u00e4\u00e4 voit maksimoira sun [&hellip;]<\/p>\n","protected":false},"author":1,"featured_media":172,"parent":0,"menu_order":0,"comment_status":"closed","ping_status":"closed","template":"","meta":{"footnotes":""},"class_list":["post-78","page","type-page","status-publish","has-post-thumbnail","hentry"],"_links":{"self":[{"href":"https:\/\/tuorettaturusta.com\/info\/wp-json\/wp\/v2\/pages\/78"}],"collection":[{"href":"https:\/\/tuorettaturusta.com\/info\/wp-json\/wp\/v2\/pages"}],"about":[{"href":"https:\/\/tuorettaturusta.com\/info\/wp-json\/wp\/v2\/types\/page"}],"author":[{"embeddable":true,"href":"https:\/\/tuorettaturusta.com\/info\/wp-json\/wp\/v2\/users\/1"}],"replies":[{"embeddable":true,"href":"https:\/\/tuorettaturusta.com\/info\/wp-json\/wp\/v2\/comments?post=78"}],"version-history":[{"count":3,"href":"https:\/\/tuorettaturusta.com\/info\/wp-json\/wp\/v2\/pages\/78\/revisions"}],"predecessor-version":[{"id":164,"href":"https:\/\/tuorettaturusta.com\/info\/wp-json\/wp\/v2\/pages\/78\/revisions\/164"}],"wp:featuredmedia":[{"embeddable":true,"href":"https:\/\/tuorettaturusta.com\/info\/wp-json\/wp\/v2\/media\/172"}],"wp:attachment":[{"href":"https:\/\/tuorettaturusta.com\/info\/wp-json\/wp\/v2\/media?parent=78"}],"curies":[{"name":"wp","href":"https:\/\/api.w.org\/{rel}","templated":true}]}}