{"id":76,"date":"2024-08-26T08:56:29","date_gmt":"2024-08-26T05:56:29","guid":{"rendered":"https:\/\/tuorettaturusta.com\/info\/?page_id=76"},"modified":"2024-09-10T06:57:45","modified_gmt":"2024-09-10T03:57:45","slug":"esittelyteksti-ja-sen-merkitys-kappaleen-lahetystilanteessa","status":"publish","type":"page","link":"https:\/\/tuorettaturusta.com\/info\/esittelyteksti-ja-sen-merkitys-kappaleen-lahetystilanteessa\/","title":{"rendered":"Mik\u00e4 on sil viissii esittelytekstin merkitys niinku kappaleen l\u00e4hetystilantees ti\u00e4ks\u00e4\u00e4?"},"content":{"rendered":"\n<p class=\"has-drop-cap\" style=\"font-size:clamp(15.747px, 0.984rem + ((1vw - 3.2px) * 0.86), 24px);line-height:1.3\"><strong>Esittelyteksti, jonka s\u00e4\u00e4 l\u00e4het\u00e4t kappalees mukan, voi vaikuttaa merkitt\u00e4v\u00e4st siihe, kiinnitt\u00e4\u00e4k\u00f6 se huomioot ja kuinka se vastaanotetaa ti\u00e4ks\u00e4\u00e4. On ratkaseva t\u00e4rkeet\u00e4, et esittelyteksti o kiinnostava, informatiivine ja sil viissiin houkutteleva, notta se erottuu joukost ja her\u00e4tt\u00e4\u00e4 soittolistaeditorien ja toimittajien mielenkiinno. T\u00e4s\u00e4 artikkelis annetaa vinkkei tehokkaa ja vaikuttava esittelyteksti kirjottamisee.<\/strong><\/p>\n\n\n\n<h3 class=\"wp-block-heading\">Miks sil viissii niinku Esittelyteksti Ois T\u00e4rke\u00e4?<\/h3>\n\n\n\n<p>Esittelyteksti o ensimm\u00e4ine kosketuspinta, jonka mahrolliset kuulijat ja vaikuttajat saa sun kappaleesees. Hyvin kirjotettu esittelyteksti voi tehr\u00e4 niin pal kauhian eron siin, kuunnellaanko sun kappaleesi vai ohitettaanko se ihan kylm\u00e4n viile\u00e4st. Se toimii my\u00f6s semmosena tiedonl\u00e4hteen\u00e4, joka auttaa toimittajii ja soittolistaeditorei ymm\u00e4rt\u00e4m\u00e4\u00e4 sun kappalees taustoi ja kontekstii.<\/p>\n\n\n\n<h3 class=\"wp-block-heading\">Sis\u00e4lt\u00f6esitys<\/h3>\n\n\n\n<h4 class=\"wp-block-heading\">Koukku<\/h4>\n\n\n\n<p>Ensimm\u00e4inen kappale tulis alottaa koukulla, joka her\u00e4tt\u00e4\u00e4 lukijan huomion. T\u00e4\u00e4 voi olla lyhyt lainaus kappalee sanotuksista, lyhyt anekdootti tai muuten vaan niin pal kauhian kiinnostava fakta artistist itest\u00e4\u00e4. Koukun tavoitteena o saara lukija innostumaa ja jatkamaa tekstin lukemist.<\/p>\n\n\n\n<h4 class=\"wp-block-heading\">Taustatarina<\/h4>\n\n\n\n<p>T\u00e4m\u00e4n osuuden tulis antaa lyhyt yleiskatsaus artistist ja kappaleest. Esittele itsesi ja kerro, miks kappaleesi on erityinen. Mik\u00e4 on sen taustatarina? Myt syntyi? Millasia henkil\u00f6kohtaisia tai taiteellisia haasteita oot kohdannu matkasi varrella? T\u00e4m\u00e4 osoittaa inhimillisyytesi ja tuo syvyytt\u00e4 kappaleeseen.<\/p>\n\n\n\n<h4 class=\"wp-block-heading\">Saavutukset ja Statsit<\/h4>\n\n\n\n<p>Ku lukijan mielenkiinto on her\u00e4tetty, on aika esitell\u00e4 aiempia saavutuksia ja kappaleen statseja. Onko sul korkean profiilin fanikuntaa tai menestyst\u00e4 sosiaalisessa mediassa? Onko kappaleesi p\u00e4\u00e4ssyt joillekin merkitt\u00e4ville soittolistoille? Ootko tehny yhteisty\u00f6t\u00e4 tunnettujen artistien kanssa? Kaikki n\u00e4m\u00e4 tiedot lis\u00e4\u00e4 kappaleesi uskottavuutta ja houkuttelevuutta.<\/p>\n\n\n\n<h4 class=\"wp-block-heading\">Genre ja Tunnelma<\/h4>\n\n\n\n<p>Kuvaile kappaleesi genre\u00e4 ja tunnelmaa. Millaista musaa kappaleesi edustaa? Millaisia tunteita ja mielikuvia se her\u00e4tt\u00e4\u00e4? T\u00e4m\u00e4 auttaa kuulijoita ja editoreita sijoittamaan kappaleesi oikeaan kontekstiin ja ymm\u00e4rt\u00e4m\u00e4\u00e4n, miss\u00e4 tilanteissa ja mille yleis\u00f6lle se sopii parhaiten.<\/p>\n\n\n\n<h3 class=\"wp-block-heading\">K\u00e4yt\u00e4nn\u00f6n Vinkkej\u00e4 Niin pal kauheen hyv\u00e4n Esittelyteksti Kirjottamisee!<\/h3>\n\n\n\n<h4 class=\"wp-block-heading\">Lyhyt ja Ytimek\u00e4s<\/h4>\n\n\n\n<p>Pid\u00e4 esittelyteksti kompaktina ja ytimekk\u00e4\u00e4n\u00e4. Editorit ja toimittajat saa p\u00e4ivitt\u00e4in valtavan m\u00e4\u00e4r\u00e4n kappaleita k\u00e4sitelt\u00e4v\u00e4ksi, joten ylipitk\u00e4 teksti voi k\u00e4\u00e4nt\u00e4\u00e4 heid\u00e4n huomionsa muualle. K\u00e4yt\u00e4 selke\u00e4\u00e4 ja sujuvaa kielt\u00e4, ja v\u00e4lt\u00e4 turhaa jaarittelua.<\/p>\n\n\n\n<h4 class=\"wp-block-heading\">Personointi<\/h4>\n\n\n\n<p>Muokkaa esittelyteksti\u00e4 kohdeyleis\u00f6n mukaan. Jos oot l\u00e4hett\u00e4m\u00e4ss\u00e4 kappalettasi tietylle soittolistaeditorille, yrit\u00e4 l\u00f6yt\u00e4\u00e4 tietoa h\u00e4nen mieltymyksist\u00e4\u00e4n ja viittaa siihen tekstiss\u00e4si. T\u00e4m\u00e4 osoittaa, ett\u00e4 oot tehny taustaty\u00f6t\u00e4 ja oot aidosti kiinnostunu yhteisty\u00f6st\u00e4.<\/p>\n\n\n\n<h4 class=\"wp-block-heading\">Visuaaliset Elementit<\/h4>\n\n\n\n<p>Jos mahdollista, lis\u00e4\u00e4 visuaalisia elementtej\u00e4, kuten kuvia tai lyhyit\u00e4 videoita, jotka tukee esittelyteksti\u00e4si. T\u00e4m\u00e4 voi tehd\u00e4 tekstist\u00e4 houkuttelevamman ja antaa lis\u00e4arvoa kappaleen esittelylle.<\/p>\n\n\n\n<h4 class=\"wp-block-heading\">Tiimi ja Yhteystiedot<\/h4>\n\n\n\n<p>Lis\u00e4\u00e4 esittelytekstiin my\u00f6s tiimisi ja yhteystietosi, jotta editorit voi helposti ottaa suhun yhteytt\u00e4. T\u00e4m\u00e4 parantaa yhteydenpitoa ja voi avata uusia mahdollisuuksia yhteisty\u00f6lle.<\/p>\n\n\n\n<h3 class=\"wp-block-heading\">Yhteenveto&#8230;<\/h3>\n\n\n\n<p>Esittelyteksti o olennaine osa kappaleen l\u00e4hett\u00e4mist ja se voi kyl niin pal kauhiast ja merkitt\u00e4v\u00e4st vaikutta siihe, kuin se ti\u00e4ks\u00e4\u00e4 vastaanotetaa. Hyvin kirjotettu ja huolel laadittu esittelyteksti voi her\u00e4tt\u00e4\u00e4 kiinnostust, lis\u00e4t\u00e4 sun uskottavuut ja auttaa sun kappalettas erottumaan sil viissiin joukost ti\u00e4ks\u00e4\u00e4.<\/p>\n\n\n\n<p>Muist pit\u00e4\u00e4 esittelyteksti lyhyen, ytimekk\u00e4\u00e4n\u00e4 ja kohderyhm\u00e4\u00e4 puhuttelevana. Ku s\u00e4\u00e4 panostat oikein niin pal kauhiast esittelytekstiin, s\u00e4\u00e4 voit parantaa merkitt\u00e4v\u00e4st sun kappalees mahrollisuuksii p\u00e4\u00e4st soittolistoil ja l\u00f6yt\u00e4\u00e4 tiens\u00e4 vaik ti\u00e4ks\u00e4\u00e4 uusien kuuntelijoide korvii!<\/p>\n","protected":false},"excerpt":{"rendered":"<p>Esittelyteksti, jonka s\u00e4\u00e4 l\u00e4het\u00e4t kappalees mukan, voi vaikuttaa merkitt\u00e4v\u00e4st siihe, kiinnitt\u00e4\u00e4k\u00f6 se huomioot ja kuinka se vastaanotetaa ti\u00e4ks\u00e4\u00e4. On ratkaseva t\u00e4rkeet\u00e4, et esittelyteksti o kiinnostava, informatiivine ja sil viissiin houkutteleva, notta se erottuu joukost ja her\u00e4tt\u00e4\u00e4 soittolistaeditorien ja toimittajien mielenkiinno. T\u00e4s\u00e4 artikkelis annetaa vinkkei tehokkaa ja vaikuttava esittelyteksti kirjottamisee. Miks sil viissii niinku Esittelyteksti Ois [&hellip;]<\/p>\n","protected":false},"author":1,"featured_media":173,"parent":0,"menu_order":0,"comment_status":"closed","ping_status":"closed","template":"","meta":{"footnotes":""},"class_list":["post-76","page","type-page","status-publish","has-post-thumbnail","hentry"],"_links":{"self":[{"href":"https:\/\/tuorettaturusta.com\/info\/wp-json\/wp\/v2\/pages\/76"}],"collection":[{"href":"https:\/\/tuorettaturusta.com\/info\/wp-json\/wp\/v2\/pages"}],"about":[{"href":"https:\/\/tuorettaturusta.com\/info\/wp-json\/wp\/v2\/types\/page"}],"author":[{"embeddable":true,"href":"https:\/\/tuorettaturusta.com\/info\/wp-json\/wp\/v2\/users\/1"}],"replies":[{"embeddable":true,"href":"https:\/\/tuorettaturusta.com\/info\/wp-json\/wp\/v2\/comments?post=76"}],"version-history":[{"count":2,"href":"https:\/\/tuorettaturusta.com\/info\/wp-json\/wp\/v2\/pages\/76\/revisions"}],"predecessor-version":[{"id":162,"href":"https:\/\/tuorettaturusta.com\/info\/wp-json\/wp\/v2\/pages\/76\/revisions\/162"}],"wp:featuredmedia":[{"embeddable":true,"href":"https:\/\/tuorettaturusta.com\/info\/wp-json\/wp\/v2\/media\/173"}],"wp:attachment":[{"href":"https:\/\/tuorettaturusta.com\/info\/wp-json\/wp\/v2\/media?parent=76"}],"curies":[{"name":"wp","href":"https:\/\/api.w.org\/{rel}","templated":true}]}}