{"id":552,"date":"2024-11-02T23:09:17","date_gmt":"2024-11-02T21:09:17","guid":{"rendered":"https:\/\/tuorettaturusta.com\/info\/?page_id=552"},"modified":"2024-11-02T23:09:17","modified_gmt":"2024-11-02T21:09:17","slug":"kantsiiko-perustaa-oma-sahkopostilista-musan-markkinointii-varte","status":"publish","type":"page","link":"https:\/\/tuorettaturusta.com\/info\/kantsiiko-perustaa-oma-sahkopostilista-musan-markkinointii-varte\/","title":{"rendered":"Kantsiiko perustaa oma s\u00e4hk\u00f6postilista musan markkinointii varte?"},"content":{"rendered":"\n<p class=\"has-drop-cap\" style=\"font-size:clamp(15.747px, 0.984rem + ((1vw - 3.2px) * 0.86), 24px);line-height:1.3\"><strong>S\u00e4hk\u00f6postilistat t\u00e4n\u00e4 p\u00e4iv\u00e4n on monen mielest yks parhaist markkinointiv\u00e4lineist musamaailmas. Ne tarjoa suoran, henk.koht. kanavan fanien tavoittamiseks, ja ku niit k\u00e4ytet\u00e4\u00e4 oikein, niin ne voi merkitt\u00e4v\u00e4sti lis\u00e4t\u00e4 artistin n\u00e4kyvyytt\u00e4 ja kasvattaa yleis\u00f6n sitoutumista. Mut miten s\u00e4hk\u00f6postilistoi voi sit maar hy\u00f6rynt\u00e4\u00e4 ns. oikein musamarkkinoinnis? Sukelletaa v\u00e4h\u00e4 syvemm\u00e4lle t\u00e4h\u00e4 kiehtovaa aiheesee, miss\u00e4 henkil\u00f6kohtainen tatsi yhristyy nykyaikaseen teknikkaan.<\/strong><\/p>\n\n\n\n<p>Miks s\u00e4hk\u00f6postilista sitten on niin voimakas ty\u00f6kalu? <strong>Vastaus on yksinkertainen<\/strong> \u2013 toisin ku some-seuraajam\u00e4\u00e4r\u00e4t tai striimim\u00e4\u00e4r\u00e4t, s\u00e4hk\u00f6postilista <em>on suoraan artistin hallinnas<\/em>. Se on yksityisemp ja v\u00e4lit\u00f6n keino saavuttaa fanit ilmans v\u00e4lik\u00e4si\u00e4 tai algoritmien oikkuja, jotka saattaa v\u00e4lil muuttaa toimintatapoja aivan yll\u00e4tt\u00e4e.<\/p>\n\n\n\n<h3 class=\"wp-block-heading\">Mut miten sitten luodaa s\u00e4hk\u00f6postilista, joka oikeasti toimii? <\/h3>\n\n\n\n<p>Pohjana on perusasiat, kuten kannustimien tarjoaminen. <em>Pyyd\u00e4 fanei liittym\u00e4\u00e4 listalle<\/em> lupaamalla jotain erityist\u00e4 vastineeks, olkoon se vaikka eksklusiivisia biisej\u00e4, mahollisuu voittaa konserttilippui tai muita houkuttelevia etuja. T\u00e4rkeet\u00e4 on varmistaa, ett\u00e4 liittyminen on t\u00e4ysin vapaaehtoista ja selv\u00e4\u00e4, etenkin <strong>GDPR-vaatimusten mukaisesti<\/strong>, joita t\u00e4ytyy huomioida erityisesti Euroopassa.<\/p>\n\n\n\n<p>Ku fani on liittynyt listalle, <em>on keskeist\u00e4 pit\u00e4\u00e4 heid\u00e4t innostuneina<\/em>. T\u00e4ss\u00e4 vaihees automaatiosta tulee korvaamaton yst\u00e4v\u00e4. Voit luoda automaattisia viestiketjui, jotka l\u00e4hett\u00e4\u00e4 tervetuloviestei ja viikoittaisia p\u00e4ivityksi\u00e4, pit\u00e4en fanit ajan tasalla ja saaden heid\u00e4t tuntemaan <em>itsens\u00e4 t\u00e4rke\u00e4ks osaks yhteis\u00f6\u00f6<\/em>. T\u00e4m\u00e4 ei vain s\u00e4\u00e4st\u00e4 aikaa, vaa my\u00f6s kasvattaa yhteis\u00f6llisyytt\u00e4, mik\u00e4 pit\u00e4\u00e4 fanit sitoutuneina.<\/p>\n\n\n\n<h3 class=\"wp-block-heading\">Mit\u00e4 viestien sis\u00e4lt\u00f6\u00f6n tulee, autenttisuus on ratkaiseva tekij\u00e4 <\/h3>\n\n\n\n<p>Fanei kiinnostaa intiimit tarinat kulissien takaa, eiv\u00e4 ainoastaan ilmoitukset uusista julkaisuista. Kerro, miten albumis muovautui ja mit\u00e4 merkityksi\u00e4 tiettyjen kappaleiden sanoitukset sulle pit\u00e4\u00e4 sis\u00e4ll\u00e4\u00e4n. T\u00e4m\u00e4 <strong>ensitason kosketus<\/strong> antaa viesteilles syvyytt\u00e4 ja her\u00e4tt\u00e4\u00e4 vastaanottajissa tunteen yhteydest\u00e4 artistiin.<\/p>\n\n\n\n<h3 class=\"wp-block-heading\">\u00c4l\u00e4 my\u00f6sk\u00e4\u00e4n unohda analytiikkaa <\/h3>\n\n\n\n<p><strong>Seuraa tarkasti<\/strong>, miten vastaanottajat reagoi viesteihi: ketk\u00e4 avaavat postin, mit\u00e4 he klikkaavat ja miss\u00e4 sijaitsevat? N\u00e4iden tietojen avulla voi hienos\u00e4\u00e4t\u00e4\u00e4 kampanjoitas tarkemmin. Esimerkiks s\u00e4\u00e4 voit l\u00e4hett\u00e4\u00e4 kaupungin mukaan kohdennettua viestint\u00e4\u00e4, joka mainostaa <em>tulevaa konserttia tietyss\u00e4 paikassa<\/em>.<\/p>\n\n\n\n<h3 class=\"wp-block-heading\">Mik\u00e4 lopulta ratkaisee?<\/h3>\n\n\n\n<p>S\u00e4hk\u00f6postimarkkinoinnin onnistumisen salaisuus on <strong>jatkuva oppiminen ja sopeutuminen<\/strong>. Pid\u00e4 silm\u00e4ll\u00e4, mitk\u00e4 strategiat toimii parhaiten omalle yleis\u00f6lles, \u00e4l\u00e4k\u00e4 pelk\u00e4\u00e4 kokeilla uusia tapoja sitouttaa heit.<\/p>\n\n\n\n<p>Kun s\u00e4\u00e4 hallitset <strong>s\u00e4hk\u00f6postilistas tehokkaan k\u00e4yt\u00f6n<\/strong>, s\u00e4 olet enemm\u00e4n ku vain artisti. Susta tulee <em>tarinankertoja ja yhteis\u00f6jen rakentaja<\/em>. Juuri t\u00e4ss\u00e4 piilee s\u00e4hk\u00f6postilistojen torellinen voima musamarkkinointii liittyen. Hox hox! Aloita siis oma seikkailus s\u00e4hk\u00f6postimarkkinoinnin maailmassa <strong>just eik\u00e4 melkei t\u00e4n\u00e4\u00e4<\/strong>!<\/p>\n","protected":false},"excerpt":{"rendered":"<p>S\u00e4hk\u00f6postilistat t\u00e4n\u00e4 p\u00e4iv\u00e4n on monen mielest yks parhaist markkinointiv\u00e4lineist musamaailmas. Ne tarjoa suoran, henk.koht. kanavan fanien tavoittamiseks, ja ku niit k\u00e4ytet\u00e4\u00e4 oikein, niin ne voi merkitt\u00e4v\u00e4sti lis\u00e4t\u00e4 artistin n\u00e4kyvyytt\u00e4 ja kasvattaa yleis\u00f6n sitoutumista. Mut miten s\u00e4hk\u00f6postilistoi voi sit maar hy\u00f6rynt\u00e4\u00e4 ns. oikein musamarkkinoinnis? Sukelletaa v\u00e4h\u00e4 syvemm\u00e4lle t\u00e4h\u00e4 kiehtovaa aiheesee, miss\u00e4 henkil\u00f6kohtainen tatsi yhristyy nykyaikaseen teknikkaan. [&hellip;]<\/p>\n","protected":false},"author":1,"featured_media":553,"parent":0,"menu_order":0,"comment_status":"closed","ping_status":"closed","template":"","meta":{"footnotes":""},"class_list":["post-552","page","type-page","status-publish","has-post-thumbnail","hentry"],"_links":{"self":[{"href":"https:\/\/tuorettaturusta.com\/info\/wp-json\/wp\/v2\/pages\/552"}],"collection":[{"href":"https:\/\/tuorettaturusta.com\/info\/wp-json\/wp\/v2\/pages"}],"about":[{"href":"https:\/\/tuorettaturusta.com\/info\/wp-json\/wp\/v2\/types\/page"}],"author":[{"embeddable":true,"href":"https:\/\/tuorettaturusta.com\/info\/wp-json\/wp\/v2\/users\/1"}],"replies":[{"embeddable":true,"href":"https:\/\/tuorettaturusta.com\/info\/wp-json\/wp\/v2\/comments?post=552"}],"version-history":[{"count":1,"href":"https:\/\/tuorettaturusta.com\/info\/wp-json\/wp\/v2\/pages\/552\/revisions"}],"predecessor-version":[{"id":554,"href":"https:\/\/tuorettaturusta.com\/info\/wp-json\/wp\/v2\/pages\/552\/revisions\/554"}],"wp:featuredmedia":[{"embeddable":true,"href":"https:\/\/tuorettaturusta.com\/info\/wp-json\/wp\/v2\/media\/553"}],"wp:attachment":[{"href":"https:\/\/tuorettaturusta.com\/info\/wp-json\/wp\/v2\/media?parent=552"}],"curies":[{"name":"wp","href":"https:\/\/api.w.org\/{rel}","templated":true}]}}