{"id":548,"date":"2024-11-02T23:01:54","date_gmt":"2024-11-02T21:01:54","guid":{"rendered":"https:\/\/tuorettaturusta.com\/info\/?page_id=548"},"modified":"2024-11-02T23:01:55","modified_gmt":"2024-11-02T21:01:55","slug":"hyorynna-monipuoliset-yhteistyoverkostot-tal-viissii","status":"publish","type":"page","link":"https:\/\/tuorettaturusta.com\/info\/hyorynna-monipuoliset-yhteistyoverkostot-tal-viissii\/","title":{"rendered":"Hy\u00f6rynn\u00e4 monipuoliset yhteisty\u00f6verkostot t\u00e4l viissii!"},"content":{"rendered":"\n<p class=\"has-drop-cap\" style=\"font-size:clamp(15.747px, 0.984rem + ((1vw - 3.2px) * 0.86), 24px);line-height:1.3\"><strong>Mik\u00e4s ihme tekee musiikin ammattilaisista ja artisteist menestyvii? Ei se oo pelkk\u00e4 luonnonlahjakkuus tai ahkera ty\u00e4, vaik neki kyl maar merkittev\u00e4t paljon. Yll\u00e4tykseks avain menestykseen saattaaki l\u00f6ytyy semmosten inspiroivien ja monimuotosten yhteisty\u00f6verkostojen luomisest. Olkoot sit suurkaupunkien artistien yhteis\u00f6t Los Angelesissa tai Tukholmassa tai pikkukaupunkien &#8221;piilotetut helmet&#8221;, yhteis\u00f6jen voima on merkitt\u00e4v\u00e4. Mut kumminki, kuis sit rakentaa t\u00e4llanen verkosto muiden artistien ja musiikkialan ammattilaisten kans? Tutkitaan\u2026<\/strong><\/p>\n\n\n\n<p>Ensinn\u00e4ki, nyky\u00e4\u00e4n paikallisuus ei en\u00e4\u00e4 sido musiikin tekoa samalla lailla ku ennen. Digitaalinen maailma mahdollistaa musiikkityylin laajentamisen ja uusien, rohkeiden kokeilujen toteuttamisen ennenm\u00e4tt\u00e4m\u00e4tt\u00f6m\u00e4ll\u00e4 nopeudel. L\u00f6yd\u00e4 uusia kulttuurisia kiinnostuksen kohteit ja oppimisymp\u00e4rist\u00f6j\u00e4. <strong>Youtubessa<\/strong>, <strong>TikTokissa<\/strong>, <strong>Instagramissa <\/strong>ja muilla sosiaalisen median alustoil on omat pienet yhteis\u00f6ns\u00e4, joissa artistit voi jakaa kokemuksiaan ja saara kipin\u00f6it\u00e4 uusii ideoihi.<\/p>\n\n\n\n<p>Vaikka digimaailma avaa ovia, mik\u00e4\u00e4n ei kumminkaan korvaa <strong>aitoo kasvokkain tapaamista<\/strong>. Ku haluut kasvattaa uraas merkitt\u00e4v\u00e4sti, muista ett\u00e4 fyysinen tapaaminen on vertaansa vailla. Pyri tapaamaan sun verkostoos kuuluvii ihmisi\u00e4 keikoilla, erin\u00e4isiss\u00e4 musiikkitapahtumis ja konferensseis. Voi olla, ett\u00e4 lyhyt, <em>vaikkapa vain 30 sekunnin henkil\u00f6kohtainen keskustelu<\/em> avaa enempi mahdollisuuksii ku t\u00e4ydellisesti hiottu s\u00e4hk\u00f6posti. Mi\u00e4ti sit\u00e4!<\/p>\n\n\n\n<p>Nykymaailmas harva menestyy yksin. Huolella valitut yhteisty\u00f6kumppanit ja yhteiset projektit tuo esille uusia kykyj\u00e4 ja laajentaa luovan ty\u00f6n ulottuvuuksii. Yhteisty\u00f6 voi synnytt\u00e4\u00e4 jotain sellast, mit\u00e4 et yksin osais ees tavotella. T\u00e4\u00e4 on erinomanen tapa laajentaa sun osaamist ja kasvattaa vaikutuspiiri\u00e4.<\/p>\n\n\n\n<p>Verkostos laajentamist voi alkaa naapurikaupunkien ja l\u00e4hialueiden musiikkiskeneist\u00e4. Verkostoituminen verkos on my\u00f6s korvaamaton v\u00e4line: esimerkiksi <strong>Facebook-ryhm\u00e4t<\/strong>, <strong>Instagramin <\/strong>pienyhteis\u00f6t tai <strong>Twitchin <\/strong>ja <strong>TikTokin <\/strong>mahdollisuudet voi olla oivallisia alkuaskeleit. Moni artisti on l\u00f6yt\u00e4nyt oman polkunsa just t\u00e4llasten verkostojen kautta.<\/p>\n\n\n\n<p>On my\u00f6s t\u00e4rke\u00e4\u00e4, et s\u00e4\u00e4 otat hetken suunnitellakses sun uras suuntaa ti\u00e4ks\u00e4\u00e4. Mieti tarkkaan, mit\u00e4 s\u00e4 haluat saavuttaa. K\u00e4yt\u00e4 apunas <strong>SMART-mallia<\/strong> \u2013 tavoitteides tulisi olla spesifei, mitattavii, saavutettavii, realistisii ja ajan tasalla olevii. Aseta kalenteriin muistutuksia sun omaan <em>tavoitelistaas palaamisesta ja sen p\u00e4ivitt\u00e4misest\u00e4<\/em> esimerkiks puolen vuoden v\u00e4lein.<\/p>\n\n\n\n<p>\u00c4l\u00e4 my\u00f6sk\u00e4\u00e4n pelk\u00e4\u00e4 ep\u00e4onnistua tai tehd\u00e4 virheit matkan varrella. Ole rehellinen itelles ja uskalla kokeilla uusia asijoita rohkein mielin. <em>Positiivinen asenne vet\u00e4\u00e4 puoleensa muita samanhenkisii ihmissii<\/em>, ja pian s\u00e4\u00e4 huomaat olevas keskell\u00e4 <strong>menestyksek\u00e4st\u00e4 ja inspiroivaa yhteisty\u00f6verkostoa<\/strong>!<\/p>\n\n\n\n<p>Muista, ett\u00e4 yhteisty\u00f6 muiden artistien kans <em>on matka, ei pelkk\u00e4 m\u00e4\u00e4r\u00e4np\u00e4\u00e4<\/em>, ja se avaa sulle ja koko musiikkiporukalle t\u00e4ysin uurenlaissii menestymisen mahrollisuuksii.<\/p>\n","protected":false},"excerpt":{"rendered":"<p>Mik\u00e4s ihme tekee musiikin ammattilaisista ja artisteist menestyvii? Ei se oo pelkk\u00e4 luonnonlahjakkuus tai ahkera ty\u00e4, vaik neki kyl maar merkittev\u00e4t paljon. Yll\u00e4tykseks avain menestykseen saattaaki l\u00f6ytyy semmosten inspiroivien ja monimuotosten yhteisty\u00f6verkostojen luomisest. Olkoot sit suurkaupunkien artistien yhteis\u00f6t Los Angelesissa tai Tukholmassa tai pikkukaupunkien &#8221;piilotetut helmet&#8221;, yhteis\u00f6jen voima on merkitt\u00e4v\u00e4. Mut kumminki, kuis sit rakentaa [&hellip;]<\/p>\n","protected":false},"author":1,"featured_media":549,"parent":0,"menu_order":0,"comment_status":"closed","ping_status":"closed","template":"","meta":{"footnotes":""},"class_list":["post-548","page","type-page","status-publish","has-post-thumbnail","hentry"],"_links":{"self":[{"href":"https:\/\/tuorettaturusta.com\/info\/wp-json\/wp\/v2\/pages\/548"}],"collection":[{"href":"https:\/\/tuorettaturusta.com\/info\/wp-json\/wp\/v2\/pages"}],"about":[{"href":"https:\/\/tuorettaturusta.com\/info\/wp-json\/wp\/v2\/types\/page"}],"author":[{"embeddable":true,"href":"https:\/\/tuorettaturusta.com\/info\/wp-json\/wp\/v2\/users\/1"}],"replies":[{"embeddable":true,"href":"https:\/\/tuorettaturusta.com\/info\/wp-json\/wp\/v2\/comments?post=548"}],"version-history":[{"count":1,"href":"https:\/\/tuorettaturusta.com\/info\/wp-json\/wp\/v2\/pages\/548\/revisions"}],"predecessor-version":[{"id":550,"href":"https:\/\/tuorettaturusta.com\/info\/wp-json\/wp\/v2\/pages\/548\/revisions\/550"}],"wp:featuredmedia":[{"embeddable":true,"href":"https:\/\/tuorettaturusta.com\/info\/wp-json\/wp\/v2\/media\/549"}],"wp:attachment":[{"href":"https:\/\/tuorettaturusta.com\/info\/wp-json\/wp\/v2\/media?parent=548"}],"curies":[{"name":"wp","href":"https:\/\/api.w.org\/{rel}","templated":true}]}}