{"id":543,"date":"2024-10-26T07:01:39","date_gmt":"2024-10-26T04:01:39","guid":{"rendered":"https:\/\/tuorettaturusta.com\/info\/?page_id=543"},"modified":"2024-10-26T07:01:39","modified_gmt":"2024-10-26T04:01:39","slug":"onks-tama-se-tehokkain-keino-menestyy-musiikkikentalla","status":"publish","type":"page","link":"https:\/\/tuorettaturusta.com\/info\/onks-tama-se-tehokkain-keino-menestyy-musiikkikentalla\/","title":{"rendered":"Onks t\u00e4m\u00e4 se tehokkain keino menestyy musiikkikent\u00e4ll\u00e4?"},"content":{"rendered":"\n<p class=\"has-drop-cap\" style=\"font-size:clamp(15.747px, 0.984rem + ((1vw - 3.2px) * 0.86), 24px);line-height:1.3\"><strong>Mik\u00e4 se semmone ihme on, joka tekee musiikin ammattilaisista ja artisteista menestyvii? Ei se oo pelkk\u00e4 luonnonlahjakkuus tai ahkera ty\u00f6, vaik neki kyl maar merkitsee paljo. Yll\u00e4tykseks avain menestykseen saattaapi l\u00f6yty\u00e4 inspiroivien ja monimuotosten yhteisty\u00f6verkostojen luomisesta. Olkoot sit suurkaupunkien artistien yhteis\u00f6t Los Angelesissa tai Tukholmassa tai pikkukaupunkien &#8221;piilotetut helmet&#8221;, yhteis\u00f6jen voima on merkitt\u00e4v\u00e4. Mut kumminki, kuis sit rakentaa t\u00e4llane verkosto muiden artistien ja musiikkialan ammattilaisten kanssa?<\/strong><\/p>\n\n\n\n<p>Ensinn\u00e4ki, nyky\u00e4\u00e4n paikallisuus ei en\u00e4\u00e4 sido musiikin tekoa samalla lailla ku enne. <strong>Digitaalinen maailma <\/strong>mahdollistaa musiikkityylin laajentamisen ja uusien, rohkeiden kokeilujen toteuttamisen ennenm\u00e4kem\u00e4tt\u00f6m\u00e4ll\u00e4 nopeudella. L\u00f6yd\u00e4 uusia kulttuurisia kiinnostuksen kohteit ja oppimisymp\u00e4rist\u00f6j\u00e4: <strong>Youtubessa, TikTokissa, Instagramissa<\/strong> ja muil sosiaalisen median alustoil on omat pienet yhteis\u00f6ns\u00e4, joissa artistit voi jakaa kokemuksiaan ja saa kipin\u00f6it\u00e4 uusiin ideoihin.<\/p>\n\n\n\n<p>Vaiks digimaailma avaa ovia, mik\u00e4\u00e4n ei kumminkaan korvaa <strong>aitoo kasvokkain tapaamista<\/strong>. Ku haluut kasvattaa uraas merkitt\u00e4v\u00e4sti, muist ku ett\u00e4 fyysinen tapaaminen on vertaansa vailla. Pyri tapaamaan verkostoos kuuluvii ihmisi\u00e4 keikoil, erin\u00e4isiss\u00e4 musiikkitapahtumis ja konferensseis. Voi olla, ett lyhyt, vaikkapa vain 30 sekunnin henkil\u00f6kohtainen keskustelu avaa enempi mahdollisuuksii ku t\u00e4ydellisesti hiottu s\u00e4hk\u00f6posti.<\/p>\n\n\n\n<p>Nykymaailmas <strong>harva menestyy yksin<\/strong>. Huolella valitut yhteisty\u00f6kumppanit ja yhteiset projektit tuo esille uusia kykyj\u00e4 ja laajentaa luovan ty\u00f6n ulottuvuuksii. Yhteisty\u00f6 voi synnytt\u00e4\u00e4 jotain sellaist, mit\u00e4 et yksin osais ees tavoitella. T\u00e4\u00e4 on erinomainen tapa laajentaa osaamist ja kasvattaa vaikutuspiiri\u00e4s.<\/p>\n\n\n\n<p>Sun verkostos laajentamista voi alkaa rakentaa <strong>naapurikaupunkien ja l\u00e4hialueiden<\/strong> musiikkiskeneist\u00e4. <strong>Verkostoituminen intternetis<\/strong> on my\u00f6s korvaamaton v\u00e4line: esimerkiksi Facebook-ryhm\u00e4t, Instagramin pienyhteis\u00f6t tai <strong>Twitchin <\/strong>ja <strong>TikTokin <\/strong>mahdollisuudet on iha varmast sit  oivallisii alkuaskeleit. Moni artisti on l\u00f6yt\u00e4nyt oman polkunsa just t\u00e4llaisten verkostojen kautta.<\/p>\n\n\n\n<p>Ota my\u00f6s hetkinen <strong>suunnitellaksesi sun uras suuntaa<\/strong>. Mieti tarkkaan, mit\u00e4 haluat saavuttaa. K\u00e4yt\u00e4 apunas <strong>SMART-mallia<\/strong>; tavoitteides tulisi olla spesifei, mitattavii, saavutettavii, realistisii ja ajan tasal olevii. Aseta kalenteriin muistutuksia omaan tavoitelistaas palaamisesta ja sen p\u00e4ivitt\u00e4misest\u00e4 puolen vuoden v\u00e4lein.<\/p>\n\n\n\n<p>Ja hei, \u00e4l\u00e4 sit pelk\u00e4\u00e4 ep\u00e4onnistua tai teh\u00e4 virheit matkan varrel. Ole rehellinen itelles ja muille ja <strong>uskalla kokeilla uusii asioit rohkein mielin<\/strong>. Positiivinen asenne vet\u00e4\u00e4 puoleensa muita samanhenkisii ihmisi\u00e4, ja huomaat pian olevas keskell\u00e4 menestyksek\u00e4st\u00e4, inspiroivaa yhteisty\u00f6verkostoo. <\/p>\n\n\n\n<p>Muist, et <em>yhteisty\u00f6 toisten artistien kans on matka<\/em>, ei pelkk\u00e4 m\u00e4\u00e4r\u00e4np\u00e4\u00e4, ja se takuu varmast avaa sul ja koko musiikkikent\u00e4l sit niin bal huikeita mahrollisuuksii.<\/p>\n","protected":false},"excerpt":{"rendered":"<p>Mik\u00e4 se semmone ihme on, joka tekee musiikin ammattilaisista ja artisteista menestyvii? Ei se oo pelkk\u00e4 luonnonlahjakkuus tai ahkera ty\u00f6, vaik neki kyl maar merkitsee paljo. Yll\u00e4tykseks avain menestykseen saattaapi l\u00f6yty\u00e4 inspiroivien ja monimuotosten yhteisty\u00f6verkostojen luomisesta. Olkoot sit suurkaupunkien artistien yhteis\u00f6t Los Angelesissa tai Tukholmassa tai pikkukaupunkien &#8221;piilotetut helmet&#8221;, yhteis\u00f6jen voima on merkitt\u00e4v\u00e4. Mut kumminki, [&hellip;]<\/p>\n","protected":false},"author":1,"featured_media":544,"parent":0,"menu_order":0,"comment_status":"closed","ping_status":"closed","template":"","meta":{"footnotes":""},"class_list":["post-543","page","type-page","status-publish","has-post-thumbnail","hentry"],"_links":{"self":[{"href":"https:\/\/tuorettaturusta.com\/info\/wp-json\/wp\/v2\/pages\/543"}],"collection":[{"href":"https:\/\/tuorettaturusta.com\/info\/wp-json\/wp\/v2\/pages"}],"about":[{"href":"https:\/\/tuorettaturusta.com\/info\/wp-json\/wp\/v2\/types\/page"}],"author":[{"embeddable":true,"href":"https:\/\/tuorettaturusta.com\/info\/wp-json\/wp\/v2\/users\/1"}],"replies":[{"embeddable":true,"href":"https:\/\/tuorettaturusta.com\/info\/wp-json\/wp\/v2\/comments?post=543"}],"version-history":[{"count":1,"href":"https:\/\/tuorettaturusta.com\/info\/wp-json\/wp\/v2\/pages\/543\/revisions"}],"predecessor-version":[{"id":545,"href":"https:\/\/tuorettaturusta.com\/info\/wp-json\/wp\/v2\/pages\/543\/revisions\/545"}],"wp:featuredmedia":[{"embeddable":true,"href":"https:\/\/tuorettaturusta.com\/info\/wp-json\/wp\/v2\/media\/544"}],"wp:attachment":[{"href":"https:\/\/tuorettaturusta.com\/info\/wp-json\/wp\/v2\/media?parent=543"}],"curies":[{"name":"wp","href":"https:\/\/api.w.org\/{rel}","templated":true}]}}