{"id":520,"date":"2024-10-17T08:17:09","date_gmt":"2024-10-17T05:17:09","guid":{"rendered":"https:\/\/tuorettaturusta.com\/info\/?page_id=520"},"modified":"2024-10-17T08:17:10","modified_gmt":"2024-10-17T05:17:10","slug":"miten-saa-parjaat-artistina-somemaailmas","status":"publish","type":"page","link":"https:\/\/tuorettaturusta.com\/info\/miten-saa-parjaat-artistina-somemaailmas\/","title":{"rendered":"Miten s\u00e4\u00e4 p\u00e4rj\u00e4\u00e4t artistina somemaailmas?"},"content":{"rendered":"\n<p class=\"has-drop-cap\" style=\"font-size:clamp(15.747px, 0.984rem + ((1vw - 3.2px) * 0.86), 24px);line-height:1.3\"><strong>Jos oot joskus miettiny, miten saavuttaa maximin\u00e4kyvyyt somessa, et oo torellakaa ainoo. Some on nykyp\u00e4iv\u00e4n\u00e4 keski\u00f6ss\u00e4 n\u00e4kyvyyden rakentamisessa, mut se voi vaikuttaa my\u00f6s sekavalta palapelilt\u00e4. Algoritmit, n\u00e4\u00e4 arvoitukselliset laskentakaavat, m\u00e4\u00e4rittelee pitk\u00e4lti, mit\u00e4 sis\u00e4lt\u00f6\u00f6 n\u00e4ytet\u00e4\u00e4n ja kenelle, joten niiden logiikan ymm\u00e4rt\u00e4minen on kullanarvoista sis\u00e4lt\u00f6s optimoinni kannalt.<\/strong><\/p>\n\n\n\n<p>No, miten algoritmit sit skulaa? Jos katellaan vaikka <strong>Instagramin <\/strong>tai <strong>Facebookin <\/strong>toimia, ne painottaa k\u00e4ytt\u00e4j\u00e4vuorovaikutust \u2014 tykk\u00e4yksi\u00e4, kommentteja ja jakoi. T\u00e4\u00e4 kertoo sulle sen, et halutessas levitt\u00e4\u00e4 sis\u00e4lt\u00f6\u00f6, sun on panostettava kiinnostavaan materiaaliin, joka rohkaisee katsojiaan toimimaan, oli se sit joku pieni hymynaama tai syv\u00e4llinen pohdinta.<\/p>\n\n\n\n<p><em>Luovuuttahan t\u00e4s pit\u00e4\u00e4 olla peliss\u00e4.<\/em> Visuaalinen vieh\u00e4tys on ehdottomasti listan k\u00e4rjess\u00e4. Pyri siihen, et kuvat ja videot on ter\u00e4vist\u00e4 ter\u00e4vimm\u00e4t ja niit <strong>tulis julkaista s\u00e4\u00e4nn\u00f6llisest<\/strong>. Instagramissa voit k\u00e4ytt\u00e4\u00e4 tarinoita, live-videoita ja Reels-ominaisuuksia saadakses yh\u00e4 parempaa n\u00e4kyvyytt\u00e4. TikTok taas suosii k\u00e4ytt\u00e4ji\u00e4, jotka tuottaa trendik\u00e4st\u00e4 ja osallistavaa sis\u00e4lt\u00f6\u00f6, kuten osallisuushaasteita tai musiikin k\u00e4ytt\u00f6\u00e4 videoissa. Jep, sen avul voi saada melkosta nostet!<\/p>\n\n\n\n<p>Mutta ent\u00e4p\u00e4 ajoitus? Somessa algoritmeissa ajoituksella on verraton merkitys, joten sis\u00e4lt\u00f6\u00f6 kannattaa julkaista hetken\u00e4, jolloin <strong>seuraajakuntasi on hereill\u00e4<\/strong> ja skarppina, se saattaa siivitt\u00e4\u00e4 n\u00e4kyvyytt\u00e4. Esimerkiksi aamulla tai iltap\u00e4iv\u00e4n aikoihin julkaiseminen tuppaa toimimaan varsi hyvi. Otapa siit koppia!<\/p>\n\n\n\n<p>Sitoutuvuuden lis\u00e4ksi t\u00e4rkeet\u00e4 on my\u00f6s luoda <strong>aito suhde sun seuraajiis<\/strong>. Kommunikoi aktiivisesti niiden kans: vastaa kommentteihin, esit\u00e4 kysymyksi\u00e4 ja jaa niiden luomaa sis\u00e4lt\u00f6\u00f6. T\u00e4\u00e4 ei ainoastaan innosta nykyisi\u00e4 seuraajias, vaan saattaa houkutella my\u00f6s uusia mukaan kelkkaa.<\/p>\n\n\n\n<p>Ja miten sit valita oikeet alustat? T\u00e4ss\u00e4p\u00e4 kysymys. Pohdi, <strong>miss\u00e4 kohderyhm\u00e4s viett\u00e4\u00e4 aikaa<\/strong> ja muista trendien seuraamisen t\u00e4rkeys. Alusta, joka on t\u00e4n\u00e4\u00e4n huipulla, voi hyvinkin olla menneisyytt\u00e4 jo huomenna. Muistatko vaikka Vinen tarinan? Sen menestys ja \u00e4kkin\u00e4inen kuihtuminen. N\u00e4in opimme, et voi olla eritt\u00e4i ovelaa ohjata seuraajat muihin, pysyv\u00e4mpiin kanaviin, kuten sun s\u00e4hk\u00f6postilistalle.<\/p>\n\n\n\n<p>Johdonmukaisuus on kaiken A ja O. Somessa menestymine ei oo mik\u00e4\u00e4n pikavoitto vaan <strong>pitk\u00e4j\u00e4nteist\u00e4 duunia<\/strong>, kasvua ja sopeutumista. Analysoi mik\u00e4 toimii ja mik\u00e4 ei, ja uskalla tehd\u00e4 muutoksia. Sosiaalisen median maailma py\u00f6rii ja muuttuu alituiseen, joten \u00e4l\u00e4 ujostele kokeilla uusii juttui.<\/p>\n\n\n\n<p>Muistathan, <em>ettei sun someseuraajat v\u00e4ltt\u00e4m\u00e4tt\u00e4 oo sama asia ku innokkaat fanit<\/em>. Ty\u00f6t\u00e4 se teett\u00e4\u00e4 aika pirusti: muutetaan satunnaiskasvot uskollisiksi seuraajiksi, jotka odottaa malttamattomina sun seuraavaa taiteellista siirtoas? <strong>Jatkuva l\u00e4sn\u00e4olo <\/strong>ja <strong>aktiivinen vuorovaikutus<\/strong> on siin\u00e4 pelis torellaki avainasemas.<\/p>\n","protected":false},"excerpt":{"rendered":"<p>Jos oot joskus miettiny, miten saavuttaa maximin\u00e4kyvyyt somessa, et oo torellakaa ainoo. Some on nykyp\u00e4iv\u00e4n\u00e4 keski\u00f6ss\u00e4 n\u00e4kyvyyden rakentamisessa, mut se voi vaikuttaa my\u00f6s sekavalta palapelilt\u00e4. Algoritmit, n\u00e4\u00e4 arvoitukselliset laskentakaavat, m\u00e4\u00e4rittelee pitk\u00e4lti, mit\u00e4 sis\u00e4lt\u00f6\u00f6 n\u00e4ytet\u00e4\u00e4n ja kenelle, joten niiden logiikan ymm\u00e4rt\u00e4minen on kullanarvoista sis\u00e4lt\u00f6s optimoinni kannalt. No, miten algoritmit sit skulaa? Jos katellaan vaikka Instagramin tai [&hellip;]<\/p>\n","protected":false},"author":1,"featured_media":521,"parent":0,"menu_order":0,"comment_status":"closed","ping_status":"closed","template":"","meta":{"footnotes":""},"class_list":["post-520","page","type-page","status-publish","has-post-thumbnail","hentry"],"_links":{"self":[{"href":"https:\/\/tuorettaturusta.com\/info\/wp-json\/wp\/v2\/pages\/520"}],"collection":[{"href":"https:\/\/tuorettaturusta.com\/info\/wp-json\/wp\/v2\/pages"}],"about":[{"href":"https:\/\/tuorettaturusta.com\/info\/wp-json\/wp\/v2\/types\/page"}],"author":[{"embeddable":true,"href":"https:\/\/tuorettaturusta.com\/info\/wp-json\/wp\/v2\/users\/1"}],"replies":[{"embeddable":true,"href":"https:\/\/tuorettaturusta.com\/info\/wp-json\/wp\/v2\/comments?post=520"}],"version-history":[{"count":1,"href":"https:\/\/tuorettaturusta.com\/info\/wp-json\/wp\/v2\/pages\/520\/revisions"}],"predecessor-version":[{"id":522,"href":"https:\/\/tuorettaturusta.com\/info\/wp-json\/wp\/v2\/pages\/520\/revisions\/522"}],"wp:featuredmedia":[{"embeddable":true,"href":"https:\/\/tuorettaturusta.com\/info\/wp-json\/wp\/v2\/media\/521"}],"wp:attachment":[{"href":"https:\/\/tuorettaturusta.com\/info\/wp-json\/wp\/v2\/media?parent=520"}],"curies":[{"name":"wp","href":"https:\/\/api.w.org\/{rel}","templated":true}]}}