{"id":511,"date":"2024-10-16T20:48:29","date_gmt":"2024-10-16T17:48:29","guid":{"rendered":"https:\/\/tuorettaturusta.com\/info\/?page_id=511"},"modified":"2024-10-16T20:48:30","modified_gmt":"2024-10-16T17:48:30","slug":"artistit-ei-juhli-pelkkien-striimauskorvausten-avulla","status":"publish","type":"page","link":"https:\/\/tuorettaturusta.com\/info\/artistit-ei-juhli-pelkkien-striimauskorvausten-avulla\/","title":{"rendered":"Artistit ei juhli pelkkien striimauskorvausten avulla!"},"content":{"rendered":"\n<p class=\"has-drop-cap\" style=\"font-size:clamp(15.747px, 0.984rem + ((1vw - 3.2px) * 0.86), 24px);line-height:1.3\"><strong>Striimaus, se on nykyp\u00e4iv\u00e4n musamaailman sellanen j\u00e4nn\u00e4 ja v\u00e4h\u00e4n kiistelty ilmi\u00f6, ja se on muuttanu tapaa, miten artistit kohtaa yleis\u00f6ns\u00e4. Mut voikohan pelkk\u00e4 striimaus riitt\u00e4\u00e4 elannon turvaamiseks? Pureudutaas tarkemmin t\u00e4h\u00e4n digitaaliseen systeemiin ja mietit\u00e4\u00e4n keinoja, joilla muusikot voi nauttia taloudellisesta menestyksest\u00e4 erilaisten tulov\u00e4ylien kaut.<\/strong><\/p>\n\n\n\n<p><strong>Striimauspalvelut<\/strong>, niinku <strong>Spotify <\/strong>ja <strong>Apple Music<\/strong>, antaa artisteille palkkion jokasesta kuuntelusta, mut maksu on usein <em>tosi pieni murunen siit\u00e4 koko hommasta<\/em>. T\u00e4\u00e4 laittaa artistit tilanteeseen, et vaan iso kuuntelijakunta voi kattaa elinkustannukset. Ei oo ep\u00e4ilyst\u00e4k\u00e4\u00e4n, et Spotify-soittolistojen voima voi avata ovet laajalle yleis\u00f6lle \u2013 notkuminen suosituilla listoilla saattaa nostaa artistin valokeilaan kerta heitolla. Silti, monien artistien tulot perustuu jatkuvaan soittolistojen n\u00e4kyvyyteen eik\u00e4 niink\u00e4\u00e4 yksitt\u00e4iste hittibiisie kuuntelum\u00e4\u00e4riin.<\/p>\n\n\n\n<p>Striimaus on vaan <strong>yks palapelin osa<\/strong>. Artistien pit\u00e4\u00e4 nojata monipuolisiin tulonl\u00e4hteisiin, jotta he voivat nauttia taloudellisesta vakaudest. <strong>Live-esiintymiset<\/strong> on edelleen t\u00e4rkee tulojen l\u00e4hde \u2013 kiertueet vet\u00e4\u00e4 v\u00e4kee keikalle ja mahdollistaa <strong>oheistuotteiden myynnin<\/strong> paikan p\u00e4\u00e4ll\u00e4. Lis\u00e4ksi monet artistit on alkanu hy\u00f6dynt\u00e4\u00e4 <em>virtuaalikeikkoja<\/em>, jotka tuo ansiota lahjoituksien ja maksullisten striimien kautta.<\/p>\n\n\n\n<p>Yhteisty\u00f6ss\u00e4 ja musiikin lisensoinnissa piilee iso potentiaali. Muusikot <strong>voi myyd\u00e4 tuotoksiaan<\/strong> esimerkiksi elokuville, mainoksille ja videopeleille ja n\u00e4in laajentaa yleis\u00f6\u00e4\u00e4 ja tunnettuuttaan. Kun samansieluiset artistit tekee yhteisty\u00f6t\u00e4, laajenee my\u00f6s kuulijakunta yhteisty\u00f6hankkeiden kautta, luoden ainutlaatuisii kokemuksii nii kuuntelijoil ku artisteil.<\/p>\n\n\n\n<p>Monet artistit on l\u00f6yt\u00e4ny turvaa <strong>joukkorahoituksen <\/strong>parist \u2013 palvelut kuten <strong>Kickstarter <\/strong>ja <strong>Patreon <\/strong>antaa faneille mahdollisuuden tukea artisteja iha suoraa. T\u00e4\u00e4 uusi &#8221;talouden malli&#8221; rakentaa siltaa artistie ja fanie v\u00e4lil, ja synnytt\u00e4\u00e4 tiiviin yhteis\u00f6n tunnun.<\/p>\n\n\n\n<p>Kannattaaki huomioira, ett\u00e4 striimaus itsess\u00e4\u00e4n ei oo v\u00e4ltt\u00e4m\u00e4tt\u00e4 se ensisijainen tulonl\u00e4hde, <strong>vaan keino saada asioita alkuun<\/strong> \u2013 ik\u00e4\u00e4nku tapa luoda l\u00e4pimurto. Kun artistit lis\u00e4\u00e4 tulonl\u00e4hteidens\u00e4 monipuolisuut, he voi samalla vakiinnuttaa kest\u00e4v\u00e4mm\u00e4 uran musiikkimaailman py\u00f6rteis.<\/p>\n\n\n\n<p>Vaikka striimaus ois<strong> arvokas osa<\/strong> tuloyhdistelm\u00e4\u00e4, se harvoin seisoo yksin\u00e4\u00e4n kest\u00e4v\u00e4n\u00e4 ratkaisuna. Laajentamalla tulonl\u00e4hteit\u00e4\u00e4n artistit voi sil viissii parantaa heir\u00e4n taloudellista vakautta ja samal <strong>kasvattaa yleis\u00f6\u00e4<\/strong> semmosil uusil ja luovil tavoilla. N\u00e4in striimaus voi toimia <strong>tukipilarina<\/strong>, mut kunnon menestystarina vaatii paljo enemm\u00e4 ku pelk\u00e4n rigitaalisen kuuntelumahiksen \u2013 sanotaa n\u00e4in et <em>se kyl vaatii my\u00f6s pirusti luovuut ja monialaisuutta<\/em>.<\/p>\n","protected":false},"excerpt":{"rendered":"<p>Striimaus, se on nykyp\u00e4iv\u00e4n musamaailman sellanen j\u00e4nn\u00e4 ja v\u00e4h\u00e4n kiistelty ilmi\u00f6, ja se on muuttanu tapaa, miten artistit kohtaa yleis\u00f6ns\u00e4. Mut voikohan pelkk\u00e4 striimaus riitt\u00e4\u00e4 elannon turvaamiseks? Pureudutaas tarkemmin t\u00e4h\u00e4n digitaaliseen systeemiin ja mietit\u00e4\u00e4n keinoja, joilla muusikot voi nauttia taloudellisesta menestyksest\u00e4 erilaisten tulov\u00e4ylien kaut. Striimauspalvelut, niinku Spotify ja Apple Music, antaa artisteille palkkion jokasesta kuuntelusta, [&hellip;]<\/p>\n","protected":false},"author":1,"featured_media":512,"parent":0,"menu_order":0,"comment_status":"closed","ping_status":"closed","template":"","meta":{"footnotes":""},"class_list":["post-511","page","type-page","status-publish","has-post-thumbnail","hentry"],"_links":{"self":[{"href":"https:\/\/tuorettaturusta.com\/info\/wp-json\/wp\/v2\/pages\/511"}],"collection":[{"href":"https:\/\/tuorettaturusta.com\/info\/wp-json\/wp\/v2\/pages"}],"about":[{"href":"https:\/\/tuorettaturusta.com\/info\/wp-json\/wp\/v2\/types\/page"}],"author":[{"embeddable":true,"href":"https:\/\/tuorettaturusta.com\/info\/wp-json\/wp\/v2\/users\/1"}],"replies":[{"embeddable":true,"href":"https:\/\/tuorettaturusta.com\/info\/wp-json\/wp\/v2\/comments?post=511"}],"version-history":[{"count":1,"href":"https:\/\/tuorettaturusta.com\/info\/wp-json\/wp\/v2\/pages\/511\/revisions"}],"predecessor-version":[{"id":513,"href":"https:\/\/tuorettaturusta.com\/info\/wp-json\/wp\/v2\/pages\/511\/revisions\/513"}],"wp:featuredmedia":[{"embeddable":true,"href":"https:\/\/tuorettaturusta.com\/info\/wp-json\/wp\/v2\/media\/512"}],"wp:attachment":[{"href":"https:\/\/tuorettaturusta.com\/info\/wp-json\/wp\/v2\/media?parent=511"}],"curies":[{"name":"wp","href":"https:\/\/api.w.org\/{rel}","templated":true}]}}