{"id":499,"date":"2024-10-14T11:47:37","date_gmt":"2024-10-14T08:47:37","guid":{"rendered":"https:\/\/tuorettaturusta.com\/info\/?page_id=499"},"modified":"2024-10-14T11:47:38","modified_gmt":"2024-10-14T08:47:38","slug":"pida-huolta-sun-faneista-intternetis","status":"publish","type":"page","link":"https:\/\/tuorettaturusta.com\/info\/pida-huolta-sun-faneista-intternetis\/","title":{"rendered":"Pid\u00e4 huolta sun faneista intternetis!"},"content":{"rendered":"\n<p class=\"has-drop-cap\" style=\"font-size:clamp(15.747px, 0.984rem + ((1vw - 3.2px) * 0.86), 24px);line-height:1.3\"><strong>No t\u00e4n\u00e4 digiaikan on muusikoil kyl mar huimat mahollisuudet hy\u00f6dynt\u00e4\u00e4 verkos annettui fanitili- ja tukipalvelui, niiko Patreon ja Bandcamp. Mut kuis tehd\u00e4\u00e4n jottai oikkei merkitt\u00e4v\u00e4\u00e4, mik\u00e4 ois tukena sun luoville panostuksilles ja tarjois tasast tuloa? Sukelletaan v\u00e4h\u00e4 syvemm\u00e4lle t\u00e4\u00e4 aiheesee ja katotaan keinoi hy\u00f6dynt\u00e4\u00e4 n\u00e4it alustoi sillee optimaallisesti.<\/strong><\/p>\n\n\n\n<p>Ekaks on hyv\u00e4 ymm\u00e4rt\u00e4\u00e4, et <strong>Patreon <\/strong>ja <strong>Bandcamp <\/strong>ei oo pelk\u00e4st\u00e4\u00e4n taloudellise tukikanavia. Ne on niiko digiareenoi, mis artisti ja fanit voi kohdata aidosti ja merkityksellisesti. Mik\u00e4 on sit se ensiaskel? Se on unelmien digiolohuoneen luominen, paikka mis <strong>jokane fani tuntee olons<\/strong> erityseks ja tervetulleeks.<\/p>\n\n\n\n<p><strong>Fanien sitoutumine<\/strong> on kaiken kulmakivi. Ei riit\u00e4 pelkk\u00e4 sis\u00e4ll\u00f6n jakamine ja sit kattoo vierest. Sun pitt\u00e4\u00e4 olla mukana kuviois: keskustelut, yksinoikeudet ennakkotilauksiin, B-puolet ja suoratoistot studiosta tuo artistin ja yhteis\u00f6n l\u00e4hemm\u00e4ks toisiaan. Vuorovaikutteinen ja jatkuva l\u00e4sn\u00e4olos voi olla se tekij\u00e4, mik\u00e4 tekee yhteis\u00f6st el\u00e4v\u00e4n ja pulppuavan.<\/p>\n\n\n\n<p><strong>Monipuolinen sis\u00e4lt\u00f6<\/strong> on valtava ase. Artistin kannattaa tarjota vaihtelevaa \u00e4\u00e4ni- ja visuaalista sis\u00e4lt\u00f6\u00f6, mik\u00e4 o omistettu faneilleen \u2013 vaikka akustisia esityksi\u00e4, uniikkei demoi tai leppoisii hetkii kulissien takaa. T\u00e4ss\u00e4 yhteydess\u00e4 hyvin suunniteltu videosis\u00e4lt\u00f6 on kullanarvoinen, sil se paljastaa artistin persoonan ja luo l\u00e4heisemm\u00e4n sidoksen fanien kans.<\/p>\n\n\n\n<p>\u00c4l\u00e4 my\u00f6sk\u00e4\u00e4n unohda asettaa realistisia ja strategisia tavoitteita itelles. Mik\u00e4 on sis\u00e4ll\u00f6s tarkoitus, ja milloin on oikea aika sen julkaisuun? <strong>Spotify <\/strong>on ilmoittanu, ett\u00e4 <strong>s\u00e4\u00e4nn\u00f6llinen julkaisutahti<\/strong> on artistien yst\u00e4v\u00e4, joten uuden musiikin julkaisemine nelj\u00e4st\u00e4 kuuteen viikon v\u00e4lein voi olla hyv\u00e4 idea.<\/p>\n\n\n\n<p>Toki fyysisten tuotteiden, niiko vinyylie, suosio on noussu, mut suurin osa tuloista tulee silti digikanavien kautta. T\u00e4ll\u00f6n Patreon ja Bandcamp toimii paitsi suoran tuen tarjoajina, my\u00f6s n\u00e4kyvyyden kasvattajina. <strong>Muista: <\/strong>fanis haluu tukea sua, joten tarjoa heille monipuolisii ja houkuttelevii tapoi teh\u00e4 niin.<\/p>\n\n\n\n<p>Anna lopuks <strong>oman luovuutes kukkii<\/strong>, sil se on tehokkain valttis. Ihmiset on valmiita maksaa ainutlaatuisista kokemuksista, ja fanis on valmiita tukemaan artistia, kuka antaa heille jottai erityist\u00e4, jota ei muualta saa.<\/p>\n\n\n\n<p>Luo <strong>rikitaalisest faniklubistas<\/strong> sellanen paikka, mik\u00e4 vet\u00e4\u00e4 fanei viihtym\u00e4\u00e4n, juhlimaan ja enne kaikkee tukemaan sua matkallas kohti taiteellisii unelmias. N\u00e4in voit paitsi saavuttaa kest\u00e4v\u00e4n tulonl\u00e4hteen, my\u00f6s kasvattaa lojaalin yhteis\u00f6n, mik\u00e4 seisoo sun rinnallas viel ja pitk\u00e4\u00e4n hei.<\/p>\n","protected":false},"excerpt":{"rendered":"<p>No t\u00e4n\u00e4 digiaikan on muusikoil kyl mar huimat mahollisuudet hy\u00f6dynt\u00e4\u00e4 verkos annettui fanitili- ja tukipalvelui, niiko Patreon ja Bandcamp. Mut kuis tehd\u00e4\u00e4n jottai oikkei merkitt\u00e4v\u00e4\u00e4, mik\u00e4 ois tukena sun luoville panostuksilles ja tarjois tasast tuloa? Sukelletaan v\u00e4h\u00e4 syvemm\u00e4lle t\u00e4\u00e4 aiheesee ja katotaan keinoi hy\u00f6dynt\u00e4\u00e4 n\u00e4it alustoi sillee optimaallisesti. Ekaks on hyv\u00e4 ymm\u00e4rt\u00e4\u00e4, et Patreon ja [&hellip;]<\/p>\n","protected":false},"author":1,"featured_media":500,"parent":0,"menu_order":0,"comment_status":"closed","ping_status":"closed","template":"","meta":{"footnotes":""},"class_list":["post-499","page","type-page","status-publish","has-post-thumbnail","hentry"],"_links":{"self":[{"href":"https:\/\/tuorettaturusta.com\/info\/wp-json\/wp\/v2\/pages\/499"}],"collection":[{"href":"https:\/\/tuorettaturusta.com\/info\/wp-json\/wp\/v2\/pages"}],"about":[{"href":"https:\/\/tuorettaturusta.com\/info\/wp-json\/wp\/v2\/types\/page"}],"author":[{"embeddable":true,"href":"https:\/\/tuorettaturusta.com\/info\/wp-json\/wp\/v2\/users\/1"}],"replies":[{"embeddable":true,"href":"https:\/\/tuorettaturusta.com\/info\/wp-json\/wp\/v2\/comments?post=499"}],"version-history":[{"count":1,"href":"https:\/\/tuorettaturusta.com\/info\/wp-json\/wp\/v2\/pages\/499\/revisions"}],"predecessor-version":[{"id":501,"href":"https:\/\/tuorettaturusta.com\/info\/wp-json\/wp\/v2\/pages\/499\/revisions\/501"}],"wp:featuredmedia":[{"embeddable":true,"href":"https:\/\/tuorettaturusta.com\/info\/wp-json\/wp\/v2\/media\/500"}],"wp:attachment":[{"href":"https:\/\/tuorettaturusta.com\/info\/wp-json\/wp\/v2\/media?parent=499"}],"curies":[{"name":"wp","href":"https:\/\/api.w.org\/{rel}","templated":true}]}}