{"id":496,"date":"2024-10-14T11:40:36","date_gmt":"2024-10-14T08:40:36","guid":{"rendered":"https:\/\/tuorettaturusta.com\/info\/?page_id=496"},"modified":"2024-10-14T11:40:37","modified_gmt":"2024-10-14T08:40:37","slug":"kannattaisko-sun-tehda-podcasti","status":"publish","type":"page","link":"https:\/\/tuorettaturusta.com\/info\/kannattaisko-sun-tehda-podcasti\/","title":{"rendered":"Kannattaisko sun tehd\u00e4 podcasti?"},"content":{"rendered":"\n<p class=\"has-drop-cap\" style=\"font-size:clamp(15.747px, 0.984rem + ((1vw - 3.2px) * 0.86), 24px);line-height:1.3\"><strong>Podcasteil on ollu valtava merkitys tietojen levitt\u00e4mises ja yleis\u00f6n houkuttelemises. Ne tarjoaa artisteille tosi houkuttelevan ts\u00e4\u00e4nssin esitell\u00e4 musiiikkiaan ihan uudel taval. Mut kuis s\u00e4 varmistat, et k\u00e4yt\u00e4t t\u00e4t\u00e4 kanavaa parhaal mahollisel taval? Hypp\u00e4\u00e4 kyytii, ni tutkitaan podcastien potentiaalii musiiikkis tunnettuuden lis\u00e4\u00e4miseks.<\/strong><\/p>\n\n\n\n<p><em>Miks podcastit on nii vet\u00e4v\u00e4 alusta markkinoinnille?<\/em> Ne mahollistaa <strong>pitk\u00e4aikase sitoutumise<\/strong> verrattuna lyhyempiin formaatteihin, kuten somepikap\u00e4ivityksiin tai mainoksiin. Podcast-kuuntelijat usein palaa jaksoihin ja vie ne loppuun asti, mik\u00e4 tarjoaa ts\u00e4\u00e4nssin kertoa tarinaas syv\u00e4st. T\u00e4\u00e4 luo syvemm\u00e4n ja henkil\u00f6kohtaisemman siteen kuuntelijoihi, mik\u00e4 saattaa k\u00e4\u00e4nty\u00e4 entist\u00e4 lojaalimmiks faneiks.<\/p>\n\n\n\n<p>Jos aiot tuoda musiiikkias esille podcastien kautta, eka askel on tunnistaa oikeet podcastit yhteisty\u00f6h\u00f6n. Tarkotus on l\u00f6yt\u00e4\u00e4 ohjelmii, joiden <strong>aihepiiri tai yleis\u00f6 sopii yhteen sun musas kans<\/strong>. Ideaalitilanne o, et p\u00e4\u00e4set mukaan ohjelmiin, jotka on jo l\u00e4hell\u00e4 oman fanipohjas kiinnostuksii. N\u00e4in todenn\u00e4k\u00f6syys, et musiiikkisi l\u00f6yt\u00e4\u00e4 jo valmiiksi kiinnostuneen yleis\u00f6n, kasvaa merkitt\u00e4v\u00e4sti.<\/p>\n\n\n\n<p>T\u00e4rkeet on my\u00f6s luoda sis\u00e4lt\u00f6\u00f6, joka sopii luontevasti podcast-formaattiin. Haastattelut, akustiset esitykset tai ennakkopalat tulevist projekteist on hyvii esimerkkei. <strong>Panosta tarinankerrontaan<\/strong>, joka tempaa kuuntelijat mukaansa ja her\u00e4tt\u00e4\u00e4 hei\u00e4n mielenkiinnon. Ole luova ja mieti, kuin musiiikkis tarina voidaan kertoa siten, et se koukuttaa kuulijat.<\/p>\n\n\n\n<p>Toine merkitt\u00e4v\u00e4 tekij\u00e4 on yhteisty\u00f6. <em>Etsi tilaisuuksii luoda sis\u00e4lt\u00f6\u00f6 muiden podcast-juontajien kans<\/em> tai tuu osaks jo vakiintunutta yleis\u00f6\u00f6. Yhteisty\u00f6 tarjoaa mahollisuuden tavoittaa uusia ihmisi\u00e4, jotka ei ehk\u00e4 luonnostaan eksyis kuuntelemaan musiiikkias.<\/p>\n\n\n\n<p>Kun sun podcast-suunnitelma on valmiina, <strong>panosta jakeluun ja n\u00e4kyvyyteen<\/strong>. Hy\u00f6dynn\u00e4 kaikkii somekanavii jakaakses jaksoista linkkej\u00e4. \u00c4l\u00e4 unohda s\u00e4hk\u00f6postimarkkinointii, jonka avulla voit tavoittaa nykyset ja potentiaaliset fanis suoraan kannustaen heit\u00e4 kuuntelemaan ja jakamaan jaksoo eteenp\u00e4in.<\/p>\n\n\n\n<p>Podcast-yhteisty\u00f6n tulosten mittaaminen on my\u00f6s t\u00e4rkeet. Seuraa, kuin podcast-mainintasi vaikuttaa musiiikkis striimausm\u00e4\u00e4riin tai fanikuntaas. Analysoi, mitk\u00e4 yhteisty\u00f6t tuottaa eniten uusia kuuntelijoita ja keskity kehitt\u00e4\u00e4m\u00e4\u00e4n sellasii jatkoss.<\/p>\n\n\n\n<p>Muista my\u00f6s pit\u00e4\u00e4 yhteytt\u00e4 kuuntelijoihis. Podcast voi toimia alkuun ponnahduslautana keskustelulle, mut <strong>sun t\u00e4ytyy yll\u00e4pit\u00e4\u00e4 yhteytt\u00e4<\/strong> my\u00f6s t\u00e4n j\u00e4lkeen. Osallistu keskusteluihin ja ole aktiivinen somes, jotta fanisuhde s\u00e4ilyy ja houkuttelee lis\u00e4\u00e4 kuuntelijoita.<\/p>\n\n\n\n<p>Podcastien tarjoamia mahollisuuksii sun musiiikkis esilletuomiseen ei kannata j\u00e4tt\u00e4\u00e4 harkitsematta. Toimivasti suunniteltu podcast-kamppis voi olla se ratkaiseva askel just sun menestykseen musiikkialalla. <\/p>\n\n\n\n<p>Nyt, <strong>miten s\u00e4\u00e4 aijot hy\u00f6rynt\u00e4\u00e4 t\u00e4t\u00e4 vaikuttavaa kanavaa musiikkis edist\u00e4miseks<\/strong>?<\/p>\n","protected":false},"excerpt":{"rendered":"<p>Podcasteil on ollu valtava merkitys tietojen levitt\u00e4mises ja yleis\u00f6n houkuttelemises. Ne tarjoaa artisteille tosi houkuttelevan ts\u00e4\u00e4nssin esitell\u00e4 musiiikkiaan ihan uudel taval. Mut kuis s\u00e4 varmistat, et k\u00e4yt\u00e4t t\u00e4t\u00e4 kanavaa parhaal mahollisel taval? Hypp\u00e4\u00e4 kyytii, ni tutkitaan podcastien potentiaalii musiiikkis tunnettuuden lis\u00e4\u00e4miseks. Miks podcastit on nii vet\u00e4v\u00e4 alusta markkinoinnille? Ne mahollistaa pitk\u00e4aikase sitoutumise verrattuna lyhyempiin formaatteihin, [&hellip;]<\/p>\n","protected":false},"author":1,"featured_media":497,"parent":0,"menu_order":0,"comment_status":"closed","ping_status":"closed","template":"","meta":{"footnotes":""},"class_list":["post-496","page","type-page","status-publish","has-post-thumbnail","hentry"],"_links":{"self":[{"href":"https:\/\/tuorettaturusta.com\/info\/wp-json\/wp\/v2\/pages\/496"}],"collection":[{"href":"https:\/\/tuorettaturusta.com\/info\/wp-json\/wp\/v2\/pages"}],"about":[{"href":"https:\/\/tuorettaturusta.com\/info\/wp-json\/wp\/v2\/types\/page"}],"author":[{"embeddable":true,"href":"https:\/\/tuorettaturusta.com\/info\/wp-json\/wp\/v2\/users\/1"}],"replies":[{"embeddable":true,"href":"https:\/\/tuorettaturusta.com\/info\/wp-json\/wp\/v2\/comments?post=496"}],"version-history":[{"count":1,"href":"https:\/\/tuorettaturusta.com\/info\/wp-json\/wp\/v2\/pages\/496\/revisions"}],"predecessor-version":[{"id":498,"href":"https:\/\/tuorettaturusta.com\/info\/wp-json\/wp\/v2\/pages\/496\/revisions\/498"}],"wp:featuredmedia":[{"embeddable":true,"href":"https:\/\/tuorettaturusta.com\/info\/wp-json\/wp\/v2\/media\/497"}],"wp:attachment":[{"href":"https:\/\/tuorettaturusta.com\/info\/wp-json\/wp\/v2\/media?parent=496"}],"curies":[{"name":"wp","href":"https:\/\/api.w.org\/{rel}","templated":true}]}}