{"id":484,"date":"2024-10-13T13:00:34","date_gmt":"2024-10-13T10:00:34","guid":{"rendered":"https:\/\/tuorettaturusta.com\/info\/?page_id=484"},"modified":"2024-10-13T13:00:34","modified_gmt":"2024-10-13T10:00:34","slug":"hyorynna-livestream-mahikset-omaks-edukses","status":"publish","type":"page","link":"https:\/\/tuorettaturusta.com\/info\/hyorynna-livestream-mahikset-omaks-edukses\/","title":{"rendered":"Hy\u00f6rynn\u00e4 livestream-mahikset omaks edukses"},"content":{"rendered":"\n<p class=\"has-drop-cap\" style=\"font-size:clamp(15.747px, 0.984rem + ((1vw - 3.2px) * 0.86), 24px);line-height:1.3\"><strong>Kun n\u00e4\u00e4 digitaaliset alustat ottaa vahvan roolin my\u00e4s t\u00e4\u00e4l musamaailmas, niin muusikot voi hy\u00f6dyntt\u00e4\u00e4 ainutlaatust tilannet ja tavoittaa yleis\u00f6ns ymp\u00e4ri maailmaa livestreamauksen avul. Nyky\u00e4\u00e4 on tarjolla monii alustoja, ja jokasel niist on omat erityispiirteens\u00e4 ja hy\u00e4ryt. Mut miten sit l\u00f6yt\u00e4\u00e4 juuri se oikee alusta ittelle? T\u00e4s\u00e4 artikkelis tutustutaa tarkemmi suosituimpiin livestream-alustoihi ja annetaan neuvoi sopivan valinnan tekemiseks.<\/strong><\/p>\n\n\n\n<p>Livestream-kulttuurin syd\u00e4mess sykkii <strong>Twitch<\/strong>. Vaik se oli alunperin tarkoitettu pelien striimaajille, pandemian aikan siit\u00e4 tuli nopeesti musan livestream-alusta. Twitch tarjoilee monipuolisia ominaisuuksia, kuten mahollisuuden olla vuorovaikutukses katsojiin emojien, bittien ja muitten keinojen kautt. T\u00e4m\u00e4n pelillistetyn alustan koukussa pysymist helpottaa se, miten katsojat saadaan aktiivisesti osallistumaan ja tukemaan striimaajia suoraan.<\/p>\n\n\n\n<p><strong>YouTube <\/strong>ja <strong>Facebook <\/strong>on kans vahvoja valintoja, etenkin kun puhutaan ilmasista livestream-tapahtumist. N\u00e4ill on huimat k\u00e4ytt\u00e4j\u00e4m\u00e4\u00e4r\u00e4t, ja ne antaa loistavia mahollisuuksia kasvattaa omaa fanikuntaa. Erityisesti YouTubessa voi saada tippi\u00e4 suoraan live-l\u00e4hetyksen aikan, jolloin fanit voi kiitt\u00e4\u00e4 esiintyj\u00e4\u00e4 reaaliaikasesti.<\/p>\n\n\n\n<p>Jos kaipaat intiimimp\u00e4\u00e4 ja kontrolloidumpaa ilmapiirii, kannatta mietti\u00e4 maksullisten livestream-alustojen, kuten <strong>Veepsin <\/strong>tai <strong>StageItin<\/strong>, hy\u00f6dynt\u00e4mist\u00e4. N\u00e4\u00e4 alustat tarjoavat lipunmyyntimahollisuuden ja erilaisia lipputasoja, mik\u00e4 on loistava vaihtoehto artisteille, joilla on jo uskollinen seuraajakunta.<\/p>\n\n\n\n<p>Oikean alustan valinnas on t\u00e4rkeet\u00e4 ensisijasesti tuntea oma yleis\u00f6s. Miss\u00e4 he viett\u00e4\u00e4 aikaa? Miten he kuluttaa sis\u00e4lt\u00f6\u00e4? <strong>Valitse semmonen alusta, joka istuu parhaiten niitten tottumuksii.<\/strong> On my\u00f6s olennaista, et sulla on oikeanlaiset laitteet ja realistinen striimausaikataulu, jotta pystyt tarjoamaan laadukkaan el\u00e4myksen.<\/p>\n\n\n\n<p>Yhteis\u00f6\u00f6n kiinnittyminen on avainasemassa. Musiikin livestreamaus poikkeaa tavallisista keikoista siin\u00e4, et <strong>yleis\u00f6\u00e4 on sitoutettava aktiivisesti<\/strong> keskustelun ja chat-reaktioiden kautt. T\u00e4\u00e4 ei ainoastaan tee kokemuksesta tiiviimp\u00e4\u00e4, vaan tarjoaa kans striimaajille keskeisen tulol\u00e4hteen. <em>Kun katsojat tuntee olevansa osa tapahtumaa<\/em>, he on innokkaita <strong>tukemaan taloudellisesti<\/strong>.<\/p>\n\n\n\n<p>Alustan valinnas voit huomata, et kaikkien tekij\u00f6iden huomioiminen tuntuu ylivoimaiselta. Mut menestyksen avain piilee usein uskallukses <strong>kokeilla ja sopeutua<\/strong>.<\/p>\n\n\n\n<p>Olitpa sit vasta aloittamassa livemuusikkona tai etsim\u00e4ss\u00e4 uusia keinoja yleis\u00f6n saavuttamisee, on t\u00e4rkeet <strong>kokkeilla eri vaihtoehtoi<\/strong> ja l\u00f6yt\u00e4\u00e4 se, mik\u00e4 ittest tunttuu oikeelt. Aloita pienest, pid\u00e4 kii sovituista aikatauluist, \u00e4l\u00e4k\u00e4 turhaa pelk\u00e4\u00e4 virheit\u00e4 \u2013 <strong>jokainen askel opettaa<\/strong> ja vie sua kohti kukoistavampaa musiikkiuraa.<\/p>\n","protected":false},"excerpt":{"rendered":"<p>Kun n\u00e4\u00e4 digitaaliset alustat ottaa vahvan roolin my\u00e4s t\u00e4\u00e4l musamaailmas, niin muusikot voi hy\u00f6dyntt\u00e4\u00e4 ainutlaatust tilannet ja tavoittaa yleis\u00f6ns ymp\u00e4ri maailmaa livestreamauksen avul. Nyky\u00e4\u00e4 on tarjolla monii alustoja, ja jokasel niist on omat erityispiirteens\u00e4 ja hy\u00e4ryt. Mut miten sit l\u00f6yt\u00e4\u00e4 juuri se oikee alusta ittelle? T\u00e4s\u00e4 artikkelis tutustutaa tarkemmi suosituimpiin livestream-alustoihi ja annetaan neuvoi sopivan [&hellip;]<\/p>\n","protected":false},"author":1,"featured_media":485,"parent":0,"menu_order":0,"comment_status":"closed","ping_status":"closed","template":"","meta":{"footnotes":""},"class_list":["post-484","page","type-page","status-publish","has-post-thumbnail","hentry"],"_links":{"self":[{"href":"https:\/\/tuorettaturusta.com\/info\/wp-json\/wp\/v2\/pages\/484"}],"collection":[{"href":"https:\/\/tuorettaturusta.com\/info\/wp-json\/wp\/v2\/pages"}],"about":[{"href":"https:\/\/tuorettaturusta.com\/info\/wp-json\/wp\/v2\/types\/page"}],"author":[{"embeddable":true,"href":"https:\/\/tuorettaturusta.com\/info\/wp-json\/wp\/v2\/users\/1"}],"replies":[{"embeddable":true,"href":"https:\/\/tuorettaturusta.com\/info\/wp-json\/wp\/v2\/comments?post=484"}],"version-history":[{"count":1,"href":"https:\/\/tuorettaturusta.com\/info\/wp-json\/wp\/v2\/pages\/484\/revisions"}],"predecessor-version":[{"id":486,"href":"https:\/\/tuorettaturusta.com\/info\/wp-json\/wp\/v2\/pages\/484\/revisions\/486"}],"wp:featuredmedia":[{"embeddable":true,"href":"https:\/\/tuorettaturusta.com\/info\/wp-json\/wp\/v2\/media\/485"}],"wp:attachment":[{"href":"https:\/\/tuorettaturusta.com\/info\/wp-json\/wp\/v2\/media?parent=484"}],"curies":[{"name":"wp","href":"https:\/\/api.w.org\/{rel}","templated":true}]}}