{"id":472,"date":"2024-10-11T09:09:43","date_gmt":"2024-10-11T06:09:43","guid":{"rendered":"https:\/\/tuorettaturusta.com\/info\/?page_id=472"},"modified":"2024-10-11T09:09:44","modified_gmt":"2024-10-11T06:09:44","slug":"mika-ihme-se-bandin-esikatteluvideo-on","status":"publish","type":"page","link":"https:\/\/tuorettaturusta.com\/info\/mika-ihme-se-bandin-esikatteluvideo-on\/","title":{"rendered":"Mik\u00e4 ihme se b\u00e4ndin esikatteluvideo on?"},"content":{"rendered":"\n<p class=\"has-drop-cap\" style=\"font-size:clamp(15.747px, 0.984rem + ((1vw - 3.2px) * 0.86), 24px);line-height:1.3\"><strong>Kun s\u00e4\u00e4 hypp\u00e4\u00e4t sis\u00e4\u00e4 esikatseluvireoire maailmaan, s\u00e4\u00e4 astut n\u00e4ytt\u00e4m\u00f6l, jos alkusekunnit on kultaaki kalliimpii. Mut mik\u00e4 siit\u00e4 videosta tekee merkitt\u00e4v\u00e4n mestariteokse? Esikatseluvideo toimii artistin digitaalisena k\u00e4yntikorttina, jonka avulla s\u00e4\u00e4 voit niitt\u00e4\u00e4 menestyst verkossa.<\/strong><\/p>\n\n\n\n<p>Alotetaan iha k\u00e4sikirjotuksest \u2013 ihan ku mainoksen suunnittelussa, sun pit\u00e4\u00e4 kyet\u00e4 kertomaan tarina napakasti ja tiiviisti.<\/p>\n\n\n\n<p>Ekan askel vaikuttavan videon luomisessa on <strong>v\u00e4lit\u00f6n huomion kiinnitt\u00e4minen<\/strong> \u2013 usein aliarvostettu, mut elint\u00e4rkee vaihe. Sun pit\u00e4\u00e4 kiinnostaa katsojaa samantien alkuun. K\u00e4yt\u00e4 visuaalisesti kiehtovii kuvaelementtei tai voimakasta musiikkia, joka iskee suoraan syd\u00e4meen. Mik\u00e4 est\u00e4is katsojan jatkamasta selaamista ja pys\u00e4htym\u00e4st\u00e4 hetkeks? T\u00e4\u00e4 on kysymys, johon sun pit\u00e4is vastata.<\/p>\n\n\n\n<p>Ajatus <strong>&#8221;n\u00e4yt\u00e4, \u00e4l\u00e4 kerro&#8221;<\/strong> kantaa pitk\u00e4lle. Kameraty\u00f6, valaistus ja editointi on ne elementit, joilla voit joko vied\u00e4 katsojan mukas tai j\u00e4tt\u00e4\u00e4 h\u00e4net kylm\u00e4ks. K\u00e4yt\u00e4 visuaalisia efektei harkiten \u2013 ne voi syvent\u00e4\u00e4 tunnelmaa tai tuoda esiin tietyn fiiliksen, mut turha efektioksennus voi pilaa koko tarinankerronan.<\/p>\n\n\n\n<p>Videon pit\u00e4\u00e4 rakentua ku <strong>j\u00e4nnityskertomus<\/strong>, nii etteiv\u00e4t katsojat tied\u00e4, mit\u00e4 seuraavassa hetkess\u00e4 tapahtuu. T\u00e4\u00e4 voi tarkoittaa sit\u00e4, ett\u00e4 esittelet ristiriidan tai innostavia elementtei, joiden selvitt\u00e4minen vie tarinaa eteenp\u00e4in. Onko videossa musiikin synnytt\u00e4m\u00e4 mikro-universumi, jossa jokainen osa sykkii energiaa? Jokaisen kohtauksen pit\u00e4\u00e4 kytkeyty\u00e4 toiseen nii, ett\u00e4 <em>katsojan yll\u00e4tyksellisyys s\u00e4ilyy lopputeksteihin asti<\/em>.<\/p>\n\n\n\n<p>Kun video on paketoitu, on aika hy\u00f6dynt\u00e4\u00e4 digitaalista maailmaa sen jakamiseen. <strong>TikTok ja Instagram<\/strong> sopii lyhyille, helposti nautittaville videoille, kun taas <strong>YouTube <\/strong>on erinomainen alusta pidemmille versioille. Muista taas, ett\u00e4 eri alustat tarjoaa erilaisia mahdollisuuksia ja haasteita, joten julkaise video oikeassa formaatissa kuhunkin kanavaan.<\/p>\n\n\n\n<p>\u00c4l\u00e4 v\u00e4heksy ensivaikutelman voimaa ja jatkuvaa toimintaa. Katsojaan ensikosketuksest j\u00e4\u00e4v\u00e4 vaikutus voi ratkast sen, kattooko se sun vireos vai selaako h\u00e4n t\u00e4ysi ohi. Yhteisty\u00f6 sosiaalise merian vaikuttajien kans voi my\u00f6s ol tehokas keino ti\u00e4ks\u00e4\u00e4 saavuttaa uusii yleis\u00f6i ja lis\u00e4t\u00e4 sun videos n\u00e4kyvyyt.<\/p>\n\n\n\n<p>Lopulta on t\u00e4rkeet muistaa, ettei oo mitt\u00e4\u00e4n yht\u00e4, koeteltua kaavaa menestysvireon luomisel. <strong>Menestymisen ydin<\/strong> on l\u00f6yt\u00e4\u00e4 oma, tunnistettava \u00e4\u00e4nesi kuvien ja \u00e4\u00e4nen kautta. Ripaus rohkeut ja kokkeiluu voi luoda semmose vireo, joka erottuu massast ja j\u00e4\u00e4 ti\u00e4ks\u00e4\u00e4 katsojie mielee. <\/p>\n\n\n\n<p><strong>Anna sun luovuutes lent\u00e4\u00e4<\/strong>, sil se voi ol ratkaiseva tekij\u00e4 keskinkertase ja unohtumattoman el\u00e4myksen v\u00e4lil!<\/p>\n","protected":false},"excerpt":{"rendered":"<p>Kun s\u00e4\u00e4 hypp\u00e4\u00e4t sis\u00e4\u00e4 esikatseluvireoire maailmaan, s\u00e4\u00e4 astut n\u00e4ytt\u00e4m\u00f6l, jos alkusekunnit on kultaaki kalliimpii. Mut mik\u00e4 siit\u00e4 videosta tekee merkitt\u00e4v\u00e4n mestariteokse? Esikatseluvideo toimii artistin digitaalisena k\u00e4yntikorttina, jonka avulla s\u00e4\u00e4 voit niitt\u00e4\u00e4 menestyst verkossa. Alotetaan iha k\u00e4sikirjotuksest \u2013 ihan ku mainoksen suunnittelussa, sun pit\u00e4\u00e4 kyet\u00e4 kertomaan tarina napakasti ja tiiviisti. Ekan askel vaikuttavan videon luomisessa on [&hellip;]<\/p>\n","protected":false},"author":1,"featured_media":473,"parent":0,"menu_order":0,"comment_status":"closed","ping_status":"closed","template":"","meta":{"footnotes":""},"class_list":["post-472","page","type-page","status-publish","has-post-thumbnail","hentry"],"_links":{"self":[{"href":"https:\/\/tuorettaturusta.com\/info\/wp-json\/wp\/v2\/pages\/472"}],"collection":[{"href":"https:\/\/tuorettaturusta.com\/info\/wp-json\/wp\/v2\/pages"}],"about":[{"href":"https:\/\/tuorettaturusta.com\/info\/wp-json\/wp\/v2\/types\/page"}],"author":[{"embeddable":true,"href":"https:\/\/tuorettaturusta.com\/info\/wp-json\/wp\/v2\/users\/1"}],"replies":[{"embeddable":true,"href":"https:\/\/tuorettaturusta.com\/info\/wp-json\/wp\/v2\/comments?post=472"}],"version-history":[{"count":1,"href":"https:\/\/tuorettaturusta.com\/info\/wp-json\/wp\/v2\/pages\/472\/revisions"}],"predecessor-version":[{"id":474,"href":"https:\/\/tuorettaturusta.com\/info\/wp-json\/wp\/v2\/pages\/472\/revisions\/474"}],"wp:featuredmedia":[{"embeddable":true,"href":"https:\/\/tuorettaturusta.com\/info\/wp-json\/wp\/v2\/media\/473"}],"wp:attachment":[{"href":"https:\/\/tuorettaturusta.com\/info\/wp-json\/wp\/v2\/media?parent=472"}],"curies":[{"name":"wp","href":"https:\/\/api.w.org\/{rel}","templated":true}]}}