{"id":463,"date":"2024-10-11T08:38:25","date_gmt":"2024-10-11T05:38:25","guid":{"rendered":"https:\/\/tuorettaturusta.com\/info\/?page_id=463"},"modified":"2024-10-11T08:38:26","modified_gmt":"2024-10-11T05:38:26","slug":"miks-oikken-sun-tarttis-kokkeil-360-asteen-vireoit","status":"publish","type":"page","link":"https:\/\/tuorettaturusta.com\/info\/miks-oikken-sun-tarttis-kokkeil-360-asteen-vireoit\/","title":{"rendered":"Miks oikken sun tarttis kokkeil 360-asteen vireoit?"},"content":{"rendered":"\n<p class=\"has-drop-cap\" style=\"font-size:clamp(15.747px, 0.984rem + ((1vw - 3.2px) * 0.86), 24px);line-height:1.3\">Kuvittele hei ittes astuvas keskel hurmokseen noussutta konserttii, jossa musiikki oikei vy\u00f6ryy sun ylitte joka suunnast \u2013 niinku s\u00e4\u00e4 seisoisit laval b\u00e4ndin rinnal, tuntisit sen sykkeen jokasel solullas. T\u00e4\u00e4 on mahollist 360-asteen videoilla, jotka avaa uuren ulottuvuuren faneille ja tuottaa ihan uurenlaisii musiikkinautintoi.<\/p>\n\n\n\n<p>360-asteen videot ei vaan vangitse hetke visuaalisesti, vaan ne purottaa katsojan keskel semmosta sykett\u00e4 taval, mik\u00e4 her\u00e4tt\u00e4\u00e4 aistit eloon ti\u00e4ks\u00e4\u00e4. Fanit voi uppoutuu videoon, k\u00e4\u00e4ntyen sivul tai jopa taaksepp\u00e4i, ku tallustelis ite lavan reunoil. T\u00e4mm\u00f6ne immersio ei oo vaan teknine l\u00e4pimurto, vaan voimakas keino, joka vahvistaa tunnesiret artistin ja yleis\u00f6n v\u00e4lil.<\/p>\n\n\n\n<p>Miks sit just 360-asteen videot on erityisii, ja mite ne voi parantaa fanien kokemuksii? Ekaks, n\u00e4\u00e4 videot antaa katsojille mahollisuuden kokea keikka omista uniikeista n\u00e4k\u00f6kulmistaan. Uusist kulmist avautuu esiintyjien ilmeit ja tuntemuksii, jota tavallinen video ei tavoita. T\u00e4m henkil\u00f6kohtaisuus luo entist\u00e4 tiiviimm\u00e4n suhteen fanin ja artistin v\u00e4lil, mik\u00e4 voi lis\u00e4t\u00e4 sitoutumista ja uskollisuutta.<\/p>\n\n\n\n<p>Toiseks, n\u00e4\u00e4 videot on vuorovaikutteisia ja intuitiivisia. Musiikkialan asiantuntijat on sanonu, et videoil on kyky luoda tarinoita ja kokemuksii, joita pelkk\u00e4 musiikki ei voi tarjota. 360-asteen videot viev\u00e4t t\u00e4n mahollisuuden pidemm\u00e4lle, antaen katsojille vapauden luoda omat kokemuksensa. T\u00e4llainen vapaus kannustaa palaamaan yh\u00e4 uudelleen, ja samalla se voi edist\u00e4\u00e4 algoritmien toimintaa, lis\u00e4ten artistin n\u00e4kyvyytt\u00e4 ja suosiot laajemmin.<\/p>\n\n\n\n<p>On selv\u00e4\u00e4, et 360-asteen videot voi olla merkitt\u00e4v\u00e4 tekij\u00e4 artistien fanipohjan kasvattamisessa ja digitaalisessa menestyksess\u00e4. Ne tarjoo jottain uniikkia \u2013 mit\u00e4 tavallinen musiikkivideo ei pysty antamaan.<\/p>\n\n\n\n<p>T\u00e4ss\u00e4 teknologian ja luovuuden kohtauspaikassa 360-asteen videot muovaa musiikkimaailmaa uudelleen. Ne haastaa perinteiset muodot ja avaa v\u00e4yl\u00e4t, joilla artistit voi luoda syvempi\u00e4, merkityksellisempi\u00e4 suhteita faneihinsa. Sis\u00e4llytt\u00e4m\u00e4ll\u00e4 n\u00e4\u00e4 rikastetut kokemukset osaksi strategiaa, artistit voi avata uusia ovia sitoutumiseen ja lojaalisuuteen, jota pelkk\u00e4 \u00e4\u00e4ni ei voi saavuttaa.<\/p>\n\n\n\n<p>Jos s\u00e4\u00e4 oot artisti, nii miks s\u00e4\u00e4 et hypp\u00e4is mukaan 360-asteen videoiden maailmaan ja tarjois sun faneille jotai torel unohtumatont? Ehk\u00e4 just t\u00e4\u00e4 voi olla se tekij\u00e4, joka k\u00e4\u00e4nt\u00e4\u00e4 sun satunnaisen kuuntelijan iha elinik\u00e4seks faniks. Kysymys kuuluuki: ootko s\u00e4\u00e4 valmis omaksumaan uuren tavan kokee ja luoda musiikkii? <\/p>\n\n\n\n<p>Maailma orottaa, mit\u00e4 <strong>s\u00e4\u00e4 p\u00e4\u00e4t\u00e4t<\/strong> tehr\u00e4?<\/p>\n","protected":false},"excerpt":{"rendered":"<p>Kuvittele hei ittes astuvas keskel hurmokseen noussutta konserttii, jossa musiikki oikei vy\u00f6ryy sun ylitte joka suunnast \u2013 niinku s\u00e4\u00e4 seisoisit laval b\u00e4ndin rinnal, tuntisit sen sykkeen jokasel solullas. T\u00e4\u00e4 on mahollist 360-asteen videoilla, jotka avaa uuren ulottuvuuren faneille ja tuottaa ihan uurenlaisii musiikkinautintoi. 360-asteen videot ei vaan vangitse hetke visuaalisesti, vaan ne purottaa katsojan keskel [&hellip;]<\/p>\n","protected":false},"author":1,"featured_media":464,"parent":0,"menu_order":0,"comment_status":"closed","ping_status":"closed","template":"","meta":{"footnotes":""},"class_list":["post-463","page","type-page","status-publish","has-post-thumbnail","hentry"],"_links":{"self":[{"href":"https:\/\/tuorettaturusta.com\/info\/wp-json\/wp\/v2\/pages\/463"}],"collection":[{"href":"https:\/\/tuorettaturusta.com\/info\/wp-json\/wp\/v2\/pages"}],"about":[{"href":"https:\/\/tuorettaturusta.com\/info\/wp-json\/wp\/v2\/types\/page"}],"author":[{"embeddable":true,"href":"https:\/\/tuorettaturusta.com\/info\/wp-json\/wp\/v2\/users\/1"}],"replies":[{"embeddable":true,"href":"https:\/\/tuorettaturusta.com\/info\/wp-json\/wp\/v2\/comments?post=463"}],"version-history":[{"count":1,"href":"https:\/\/tuorettaturusta.com\/info\/wp-json\/wp\/v2\/pages\/463\/revisions"}],"predecessor-version":[{"id":465,"href":"https:\/\/tuorettaturusta.com\/info\/wp-json\/wp\/v2\/pages\/463\/revisions\/465"}],"wp:featuredmedia":[{"embeddable":true,"href":"https:\/\/tuorettaturusta.com\/info\/wp-json\/wp\/v2\/media\/464"}],"wp:attachment":[{"href":"https:\/\/tuorettaturusta.com\/info\/wp-json\/wp\/v2\/media?parent=463"}],"curies":[{"name":"wp","href":"https:\/\/api.w.org\/{rel}","templated":true}]}}