{"id":459,"date":"2024-09-26T20:58:23","date_gmt":"2024-09-26T17:58:23","guid":{"rendered":"https:\/\/tuorettaturusta.com\/info\/?page_id=459"},"modified":"2024-09-26T20:58:24","modified_gmt":"2024-09-26T17:58:24","slug":"youtubes-menestyva-musavideo-mitka-ovat-avaintekijat","status":"publish","type":"page","link":"https:\/\/tuorettaturusta.com\/info\/youtubes-menestyva-musavideo-mitka-ovat-avaintekijat\/","title":{"rendered":"Youtubes menestyv\u00e4 musavideo: Mitk\u00e4 ovat avaintekij\u00e4t?"},"content":{"rendered":"\n<p class=\"has-drop-cap\" style=\"font-size:clamp(15.747px, 0.984rem + ((1vw - 3.2px) * 0.86), 24px);line-height:1.3\"><strong>YouTube on ti\u00e4ks\u00e4\u00e4 kyl yks suurimmist ja merkitt\u00e4vimist alustoist musan jakamise ja artistin tunnettuuden kasvattamise. Mut mik\u00e4 on se taika, joka tekee musavideost menestyksen YouTubessa? Puretaanpa auki t\u00e4rkemm\u00e4t elementit ja toimenpiteet, jotka voi auttaa sua hy\u00f6dynt\u00e4m\u00e4\u00e4n t\u00e4n alustan maksimaalisesti.<\/strong><\/p>\n\n\n\n<h4 class=\"wp-block-heading\">1. Laatu ja teknine toteutus<\/h4>\n\n\n\n<p>Vaik minimalistine kameraki saattais riitt\u00e4\u00e4, hyv\u00e4 valaistus sek\u00e4 huippulaadukas \u00e4\u00e4ni on menestyksen kulmakivii. Yksinkertane pehmee valo voi muuttaa pahimmanki kuvauksen kelvolliseks, ja sen voi napata esimerkiks Amazonist noin 150 eurol. Laadukkaat kuvat ja ensiluokkane \u00e4\u00e4ni pit\u00e4\u00e4 yleis\u00f6n mielenkiinnon yll\u00e4 ja videollas pidemp\u00e4\u00e4n.<\/p>\n\n\n\n<h4 class=\"wp-block-heading\">2. Vahva konsepti ja tarina<\/h4>\n\n\n\n<p>Luova, mut suoraviivane idea iskee katsojiin. Olipa kysees sit herkk\u00e4 pianoballadi tai r\u00e4j\u00e4ht\u00e4v\u00e4 rock-biisi, musavideon on tuettava kappaleen tunnelmaa ja sanomaa. Esimerkkin\u00e4 vaiks OK Go:n &#8221;Here It Goes Again&#8221; -video, jossa b\u00e4ndi tanssii juoksumatoilla \u2013 konkreettine osoitus siit, mite yksinkertane mut luova idea voi olla \u00e4\u00e4rimm\u00e4isen tehokas.<\/p>\n\n\n\n<h4 class=\"wp-block-heading\">3. Personointi ja aitous<\/h4>\n\n\n\n<p>YouTube-k\u00e4ytt\u00e4j\u00e4t arvostaa rehellisyytt\u00e4 ja aitoutta. He kyll\u00e4 tunnistaa teeskentelyn, jote on olennaista olla oma itses ja n\u00e4ytt\u00e4\u00e4 aito persoonas videoilla. Ole oma itses \u2013 se vetoaa ihmisiin.<\/p>\n\n\n\n<h4 class=\"wp-block-heading\">4. Lyhyet ja tarttuvat alut<\/h4>\n\n\n\n<p>Ekat 15 sekuntii on kultaaki kalliimpia. T\u00e4st syyst vahva ja kiinnostava alku voi olla ratkaisevaa sen kannalta, jaksaako katsoja jatkaa videon katsomista. Ilmaise vet\u00e4v\u00e4sti heti videon alussa, mist\u00e4 on kyse, ja vangitse katsoja heti k\u00e4ttelyss\u00e4.<\/p>\n\n\n\n<h4 class=\"wp-block-heading\">5. Videon optimointi hakukoneille (SEO)<\/h4>\n\n\n\n<p>YouTube on maailman toiseks suurin hakukone, jote videoidesi optimointi on ensiarvoisen t\u00e4rkee. K\u00e4yt\u00e4 relevanttei avainsanoja otsikoissa, kuvauksissa ja tageissa. Voit my\u00f6s hy\u00f6dynt\u00e4\u00e4 kuvauksessa linkkei sosiaalisen median kanaviisi ja verkkosivulles.<\/p>\n\n\n\n<h4 class=\"wp-block-heading\">6. Call-to-Action (CTA)<\/h4>\n\n\n\n<p>\u00c4l\u00e4 unohda kehottaa katsojias toimintaan. T\u00e4\u00e4 voi olla nii yksinkertasta ku pyyt\u00e4\u00e4 kommentoimaan, tykk\u00e4\u00e4m\u00e4\u00e4n, jakamaan tai tilaamaan. N\u00e4in s\u00e4ilyt\u00e4t jatkuvan vuorovaikutuksen yleis\u00f6s kanssa, mik\u00e4 johtaa sitoutuneempaan ja uskollisempaan fanikuntaan.<\/p>\n\n\n\n<h4 class=\"wp-block-heading\">7. Tarinat ja lyhyet videot<\/h4>\n\n\n\n<p>T\u00e4n\u00e4 p\u00e4iv\u00e4n\u00e4 lyhyet videop\u00e4tk\u00e4t, kuten YouTube Shorts, Instagram Reels ja TikTok, on rynnist\u00e4ny suosioon. N\u00e4iden alustojen maksimaaline hy\u00f6dynt\u00e4minen voi parantaa kappalees n\u00e4kyvyytt\u00e4 huomattavasti ja tuoda sen uusien yleis\u00f6jen eteen.<\/p>\n\n\n\n<h4 class=\"wp-block-heading\">8. Julkaisuaikataulun johdonmukaisuus<\/h4>\n\n\n\n<p>S\u00e4\u00e4nn\u00f6llisyys on YouTubessa menestymisen ydin. Ei tarvitse suurta budjettia videoiden tekemiseen, mut johdonmukainen julkaisutahti on t\u00e4rkee. Monet menestyv\u00e4t YouTuberit julkaisee videoita viikoittain tai jopa useammin.<\/p>\n\n\n\n<h4 class=\"wp-block-heading\">9. Sosiaalisen median integrointi<\/h4>\n\n\n\n<p>Hy\u00f6dynn\u00e4 kaikii sosiaalisen median kanavii promotoidakses musavideoitas. Esimerkiksi 30 sekunnin teaserit, lyriikkavideot ja kulissein takana -materiaali on mainioita tapoja kasvattaa n\u00e4kyvyytt\u00e4.<\/p>\n\n\n\n<h4 class=\"wp-block-heading\">10. Kommentointiyhteis\u00f6n rakentaminen<\/h4>\n\n\n\n<p>Aktiivine osallistuminen kommentteihin ja vuorovaikutus katsojien kanssa voi teh\u00e4 suuren eron. T\u00e4\u00e4 ei ainoastaan lis\u00e4\u00e4 sitoutumista, vaan saa fanit tuntemaan olevansa osa yhteis\u00f6\u00e4.<\/p>\n\n\n\n<h4 class=\"wp-block-heading\">11. Budjetin hallinta ja luovat ratkaisut<\/h4>\n\n\n\n<p>Vaikka budjetti ois pieni, voit silti luoda vaikuttavan musavideon. Pienist\u00e4ki resursseista voi saada suurta aikaa, kunha luovuus ja tarkka suunnittelu on mukana.<\/p>\n\n\n\n<p>Laadukkaiden, aitojen ja visuaalisesti houkuttelevien videoide luomine voi tuoda sul merkitt\u00e4v\u00e4\u00e4 menestyst\u00e4 YouTubes. Pir\u00e4 n\u00e4\u00e4 periaatteet mieless\u00e4 ja kato kuinka katsojam\u00e4\u00e4r\u00e4t alkaa kasvaa niin bal kauheest! Onnee matkaan! Zau.<\/p>\n","protected":false},"excerpt":{"rendered":"<p>YouTube on ti\u00e4ks\u00e4\u00e4 kyl yks suurimmist ja merkitt\u00e4vimist alustoist musan jakamise ja artistin tunnettuuden kasvattamise. Mut mik\u00e4 on se taika, joka tekee musavideost menestyksen YouTubessa? Puretaanpa auki t\u00e4rkemm\u00e4t elementit ja toimenpiteet, jotka voi auttaa sua hy\u00f6dynt\u00e4m\u00e4\u00e4n t\u00e4n alustan maksimaalisesti. 1. Laatu ja teknine toteutus Vaik minimalistine kameraki saattais riitt\u00e4\u00e4, hyv\u00e4 valaistus sek\u00e4 huippulaadukas \u00e4\u00e4ni on [&hellip;]<\/p>\n","protected":false},"author":1,"featured_media":460,"parent":0,"menu_order":0,"comment_status":"closed","ping_status":"closed","template":"","meta":{"footnotes":""},"class_list":["post-459","page","type-page","status-publish","has-post-thumbnail","hentry"],"_links":{"self":[{"href":"https:\/\/tuorettaturusta.com\/info\/wp-json\/wp\/v2\/pages\/459"}],"collection":[{"href":"https:\/\/tuorettaturusta.com\/info\/wp-json\/wp\/v2\/pages"}],"about":[{"href":"https:\/\/tuorettaturusta.com\/info\/wp-json\/wp\/v2\/types\/page"}],"author":[{"embeddable":true,"href":"https:\/\/tuorettaturusta.com\/info\/wp-json\/wp\/v2\/users\/1"}],"replies":[{"embeddable":true,"href":"https:\/\/tuorettaturusta.com\/info\/wp-json\/wp\/v2\/comments?post=459"}],"version-history":[{"count":1,"href":"https:\/\/tuorettaturusta.com\/info\/wp-json\/wp\/v2\/pages\/459\/revisions"}],"predecessor-version":[{"id":461,"href":"https:\/\/tuorettaturusta.com\/info\/wp-json\/wp\/v2\/pages\/459\/revisions\/461"}],"wp:featuredmedia":[{"embeddable":true,"href":"https:\/\/tuorettaturusta.com\/info\/wp-json\/wp\/v2\/media\/460"}],"wp:attachment":[{"href":"https:\/\/tuorettaturusta.com\/info\/wp-json\/wp\/v2\/media?parent=459"}],"curies":[{"name":"wp","href":"https:\/\/api.w.org\/{rel}","templated":true}]}}