{"id":456,"date":"2024-09-25T11:49:26","date_gmt":"2024-09-25T08:49:26","guid":{"rendered":"https:\/\/tuorettaturusta.com\/info\/?page_id=456"},"modified":"2024-09-25T11:49:26","modified_gmt":"2024-09-25T08:49:26","slug":"miten-maa-hyorynnan-blogit-mun-musiikin-mainostamises","status":"publish","type":"page","link":"https:\/\/tuorettaturusta.com\/info\/miten-maa-hyorynnan-blogit-mun-musiikin-mainostamises\/","title":{"rendered":"Miten m\u00e4\u00e4 hy\u00f6rynn\u00e4n blogit mun musiikin mainostamises?"},"content":{"rendered":"\n<p class=\"has-drop-cap\" style=\"font-size:clamp(15.747px, 0.984rem + ((1vw - 3.2px) * 0.86), 24px);line-height:1.3\"><strong>Kuvitteleppa t\u00e4mm\u00f6ne tilanne: oot just julkassu uuden biisin, joka saa sut hyppiin innosta. Mut miten varmistat, et muutki l\u00f6yt\u00e4\u00e4 sen? Blogien hy\u00e4dynt\u00e4minen voi olla yks tehokas tapa tuoda musiikkis valokeilaan. Sukelletaampa suoraa siihe, miten t\u00e4\u00e4 hoidetaa parhaite.<\/strong><\/p>\n\n\n\n<h3 class=\"wp-block-heading\">Miksi blogit on sil viissii t\u00e4rkeit?<\/h3>\n\n\n\n<p>Blogit on loistavii v\u00e4lineit musiikin markkinoinnis. Niitte kaut saat:<\/p>\n\n\n\n<ul class=\"wp-block-list\">\n<li>N\u00e4kyvyytt\u00e4: Blogit levitt\u00e4\u00e4 sanomaas laajemmal yleis\u00f6l ja auttaa rakentaan tunnettuutta.<\/li>\n\n\n\n<li>Arvovaltaa: Suositut musiikkiblogit voi antaa sulle uskottavuutta, mik\u00e4 her\u00e4tt\u00e4\u00e4 kiinnostusta ja luottamusta tulevissa faneis.<\/li>\n\n\n\n<li>SEO-edut: Google indeksoi blogitekstit, ja jokaine maininta voi parantaa hakukoneoptimointias, ni saat helpommi huomiota.<\/li>\n<\/ul>\n\n\n\n<h3 class=\"wp-block-heading\">Miten m\u00e4\u00e4 tavotan sit ne bloggaajat?<\/h3>\n\n\n\n<p>Aloita kartoittamal blogit, jotka keskittyy sun musiikkityyliis. Hyv\u00e4 paikka aloittaa on Hype Machine -sivusto, joka ker\u00e4\u00e4 musiikkiblogien sis\u00e4lt\u00f6\u00e4 yhtee paikkaa.<\/p>\n\n\n\n<p>Ku oot l\u00f6yt\u00e4ny sopivat blogit, tee yhteystietotaulukko, johon kirjaat kaikkien merkitt\u00e4vien bloggaajien ja kirjottajien tiedot. Muista sis\u00e4llytt\u00e4\u00e4 blogin nimi, verkkosivusto, kirjottajien nimet, sijainti, s\u00e4hk\u00f6postiosoitteet sek Twitter- ja Instagram-tilit ja viimeisimm\u00e4t julkaisut.<\/p>\n\n\n\n<h3 class=\"wp-block-heading\">Henkil\u00f6kohtaisen viestin merkitys<\/h3>\n\n\n\n<p>Yksinkertainen s\u00e4hk\u00f6posti voi toimia tehokkaasti, ku sen tekee oikein. Aloita s\u00e4hk\u00f6postit henkil\u00f6kohtaisel tervehdyksel ja mainitse jotain positiivist heij\u00e4n aiemmin kirjottamast artikkelista. T\u00e4\u00e4 osoittaa, et oot perehtyny heij\u00e4n ty\u00f6h\u00f6n ja arvostat sit\u00e4.<\/p>\n\n\n\n<h4 class=\"wp-block-heading\">Esimerkki s\u00e4hk\u00f6postista:<\/h4>\n\n\n\n<p><strong>Aihe: Artikkelisi JP Saxesta<\/strong><\/p>\n\n\n\n<p class=\"has-system-serif-font-family\">Hei Jon,<\/p>\n\n\n\n<p class=\"has-system-serif-font-family\">Pidin todell artikkelistasi JP Saxesta. Kuvaamas &#8221;Same Room&#8221; -biisin kitaroide ja Saxe&#8217;n rikkonaisen \u00e4\u00e4nen yhdistelm\u00e4 oli puhdasta runoutta. Erityisesti laini &#8221;Saxe tuntee enemm\u00e4n ku useimmat n\u00e4kev\u00e4t ja huokuu rakkautta, kun useimmat heijastavat menetyst\u00e4&#8221; osui ja uppos. Hienoo ty\u00f6t\u00e4.<\/p>\n\n\n\n<p class=\"has-system-serif-font-family\">Haluaisin jakaa kanssas YiiP:n uuden biisin (julkastu 5. marraskuuta), &#8221;Next Door&#8221;. Uskon, et diggaisit siit. Kuuntele &#8221;Next Door&#8221; t\u00e4\u00e4lt\u00e4 (yksityinen DISCO-linkki). Kiitos kuuntelusta! ~Ari<\/p>\n\n\n\n<p>Pir\u00e4 viestis napakkana ja ytimekk\u00e4\u00e4n\u00e4. \u00c4l\u00e4 vaikututa ep\u00e4toivoiselta; anna musiikkis puhua puolestaan.<\/p>\n\n\n\n<h3 class=\"wp-block-heading\">Valmistele sun verkkosivut ja sosiaalisen median rofiilit<\/h3>\n\n\n\n<p>Enne ku otat yhteytt\u00e4 bloggaajiin, varmista, et verkkosivus ja sosiaalisen median profiilis on ajan tasal. Sivustos tulis sis\u00e4lt\u00e4\u00e4:<\/p>\n\n\n\n<ul class=\"wp-block-list\">\n<li>Selkee bio<\/li>\n\n\n\n<li>Ladattavat promokuvat<\/li>\n\n\n\n<li>Linkit sosiaalisen median tileihis<\/li>\n\n\n\n<li>Mahdollisuus ostaa musiikkis ja fanituotteitas<\/li>\n<\/ul>\n\n\n\n<h3 class=\"wp-block-heading\">Hy\u00f6dynt\u00e4j\u00e4n blues: No mit\u00e4 m\u00e4\u00e4 teen jos bloggaajat ei vaan vastaa?<\/h3>\n\n\n\n<p>Jos bloggaajat ei vastaa heti, \u00e4l\u00e4 heit\u00e4 kirvest kaivoon. Follow-up on t\u00e4rkee osa prosessia. L\u00e4het\u00e4 kohtelias muistutusviesti muutaman viikon kuluttua alkuper\u00e4sest\u00e4 yhteydenotosta.<\/p>\n\n\n\n<h3 class=\"wp-block-heading\">Blogien pitk\u00e4aikainen kehitys ja yhteisty\u00f6<\/h3>\n\n\n\n<p>Pitemm\u00e4l aikav\u00e4lil yrit\u00e4 luoda suhteit bloggaajiin. Kommentoi heij\u00e4n artikkeleit, jaa heij\u00e4n sis\u00e4lt\u00f6\u00f6 ja ole aktiivisesti mukana heij\u00e4n luomuksis. N\u00e4in bloggaajat muistaa sut ja ovat todenn\u00e4k\u00f6isemmin valmiita tukemaan tulevia julkasujas.<\/p>\n\n\n\n<p>Blogien hy\u00e4rynt\u00e4mine sun musiikkis mainostamises vie aikaa ja vaatii k\u00e4rsiv\u00e4llisyyt, mut se voi avata sul ovii uusiin mahrollisuuksii ja tuoda musiikkis uusien kuulijoiden korvii. Kokeile n\u00e4it parhaita k\u00e4yt\u00e4nt\u00f6i, ol tarkkana, ja seuraa, kuinka s\u00e4\u00e4 alat ker\u00e4t\u00e4 huomioo ja arvostust nii Turun ku muun maailmanki musiikkiskenes!<\/p>\n","protected":false},"excerpt":{"rendered":"<p>Kuvitteleppa t\u00e4mm\u00f6ne tilanne: oot just julkassu uuden biisin, joka saa sut hyppiin innosta. Mut miten varmistat, et muutki l\u00f6yt\u00e4\u00e4 sen? Blogien hy\u00e4dynt\u00e4minen voi olla yks tehokas tapa tuoda musiikkis valokeilaan. Sukelletaampa suoraa siihe, miten t\u00e4\u00e4 hoidetaa parhaite. Miksi blogit on sil viissii t\u00e4rkeit? Blogit on loistavii v\u00e4lineit musiikin markkinoinnis. Niitte kaut saat: Miten m\u00e4\u00e4 tavotan [&hellip;]<\/p>\n","protected":false},"author":1,"featured_media":457,"parent":0,"menu_order":0,"comment_status":"closed","ping_status":"closed","template":"","meta":{"footnotes":""},"class_list":["post-456","page","type-page","status-publish","has-post-thumbnail","hentry"],"_links":{"self":[{"href":"https:\/\/tuorettaturusta.com\/info\/wp-json\/wp\/v2\/pages\/456"}],"collection":[{"href":"https:\/\/tuorettaturusta.com\/info\/wp-json\/wp\/v2\/pages"}],"about":[{"href":"https:\/\/tuorettaturusta.com\/info\/wp-json\/wp\/v2\/types\/page"}],"author":[{"embeddable":true,"href":"https:\/\/tuorettaturusta.com\/info\/wp-json\/wp\/v2\/users\/1"}],"replies":[{"embeddable":true,"href":"https:\/\/tuorettaturusta.com\/info\/wp-json\/wp\/v2\/comments?post=456"}],"version-history":[{"count":1,"href":"https:\/\/tuorettaturusta.com\/info\/wp-json\/wp\/v2\/pages\/456\/revisions"}],"predecessor-version":[{"id":458,"href":"https:\/\/tuorettaturusta.com\/info\/wp-json\/wp\/v2\/pages\/456\/revisions\/458"}],"wp:featuredmedia":[{"embeddable":true,"href":"https:\/\/tuorettaturusta.com\/info\/wp-json\/wp\/v2\/media\/457"}],"wp:attachment":[{"href":"https:\/\/tuorettaturusta.com\/info\/wp-json\/wp\/v2\/media?parent=456"}],"curies":[{"name":"wp","href":"https:\/\/api.w.org\/{rel}","templated":true}]}}