{"id":445,"date":"2024-09-14T12:10:13","date_gmt":"2024-09-14T09:10:13","guid":{"rendered":"https:\/\/tuorettaturusta.com\/info\/?page_id=445"},"modified":"2024-09-14T17:57:22","modified_gmt":"2024-09-14T14:57:22","slug":"lyyrikkavideoiden-voima-nain-ne-voi-teha-sun-kappaleistas-suosittui-tiaksaa","status":"publish","type":"page","link":"https:\/\/tuorettaturusta.com\/info\/lyyrikkavideoiden-voima-nain-ne-voi-teha-sun-kappaleistas-suosittui-tiaksaa\/","title":{"rendered":"Lyyrikkavideoiden voima: n\u00e4in ne voi teh\u00e4 sun kappaleistas suosittui ti\u00e4ks\u00e4\u00e4!"},"content":{"rendered":"\n<p class=\"has-drop-cap\" style=\"font-size:clamp(15.747px, 0.984rem + ((1vw - 3.2px) * 0.86), 24px);line-height:1.3\"><strong>Ooks\u00e4 koskaa ihmetelly, miks jotku kipaleet nousee heti huipul, vaik sinunki musiikkis o noin niinku omasta mielest\u00e4 hyv\u00e4\u00e4? Yks alalle pesiytyny salaisuus on lyriikkavireot &#8211; n\u00e4\u00e4 yksinkertaset mut niin bal kauheen tehokkaat ty\u00f6kalut voi kasvattaa sun piisi kuuntelukertoi ja sitoutumist semmosel taval, johon pelkk\u00e4 kappaleen julkaisu ei yksin\u00e4\u00e4 yl\u00e4.<\/strong><\/p>\n\n\n\n<p>Puhutaans siit, mite lyriikkavireot voivannet tehr\u00e4 sen, ja miten s\u00e4\u00e4 voit k\u00e4ytt\u00e4\u00e4 niit\u00e4 omassa markkinoinnissas ihan maksimaalisen hy\u00f6dy saavuttamiseks. <\/p>\n\n\n\n<h3 class=\"wp-block-heading\">KuiNKa tehostaa Yleis\u00f6n sitoutumist?<\/h3>\n\n\n\n<p>Oletko ikin\u00e4 itse laulanut mukana, vaikka et tied\u00e4 sanoja t\u00e4ydellisesti? Lyyrikkavideot tarjoavat mahdollisuuden oppia sanoitukset vaivatta ja nopeasti. Tutkimukset ovat osoittaneet, ett\u00e4 visuaalisen ja auditiivisen sis\u00e4ll\u00f6n yhdist\u00e4minen vahvistaa oppimista ja muistia. Kun fanit n\u00e4kev\u00e4t sanat n\u00e4yt\u00f6ll\u00e4, he eiv\u00e4t vain kuuntele musiikkia, vaan osallistuvat aktiivisesti. T\u00e4m\u00e4 vuorovaikutteisuus ei ole pelk\u00e4st\u00e4\u00e4n hauskaa, se sitoo kuulijat syvemmin kappaleeseen ja artistiin. Mit\u00e4 todenn\u00e4k\u00f6isemmin he jakavat lempikappaleensa yst\u00e4villeen ja seuraajilleen sosiaalisessa mediassa, ja n\u00e4in n\u00e4kyvyys kasvaa. <\/p>\n\n\n\n<h3 class=\"wp-block-heading\">Lyyrikkavideot algoritmie suosikkein <\/h3>\n\n\n\n<p>Algoritmit rakastavat sitoutumista. Joka kerta kun joku jakaa, tykk\u00e4\u00e4 tai kommentoi videoasi, algoritmi huomioi t\u00e4m\u00e4n ja nostaa sit\u00e4 enemm\u00e4n esille yleis\u00f6lle. T\u00e4m\u00e4 tarkoittaa, ett\u00e4 lyyrikkavideo, joka ker\u00e4\u00e4 paljon katselukertoja ja reaktioita, voi nopeasti kohota YouTuben tai muiden videopalvelujen suosituimpien joukkoon. Otetaan esimerkiksi artisti nimelt\u00e4 Mothica. H\u00e4nen 15-sekunnin TikTok-video, jossa h\u00e4n kuuntelee ja reagoi emotionaalisesti omaan kappaleeseensa, sai yli 5 miljoonaa katselukertaa. T\u00e4m\u00e4 puolestaan johti siihen, ett\u00e4 kappale sai yli 30 miljoonaa striimausta Spotifyss\u00e4 uskomattoman lyhyess\u00e4 ajassa. <\/p>\n\n\n\n<h3 class=\"wp-block-heading\">Edullinen markkinointity\u00f6kalu<\/h3>\n\n\n\n<p>Yksi lyyrikkavideoiden suurimmista eduista on niiden edullisuus verrattuna t\u00e4ysimittaisiin musiikkivideoihin. Et tarvitse suurta budjettia, n\u00e4yttelij\u00f6it\u00e4 tai kallista kuvauskalustoa. Vaikuttavan lyyrikkavideon voi luoda k\u00e4ytt\u00e4m\u00e4ll\u00e4 tekstityksi\u00e4, animaatiota tai yksinkertaisia taustakuvia. T\u00e4m\u00e4 tekee niist\u00e4 erinomaisen vaihtoehdon indie-artisteille ja aloitteleville muusikoille, jotka haluavat maksimoida n\u00e4kyvyytens\u00e4 ilman raskaita tuotantokustannuksia. <\/p>\n\n\n\n<h3 class=\"wp-block-heading\">Monipuolisuus ja joustavuus<\/h3>\n\n\n\n<p>Lyyrikkavideot tarjoavat my\u00f6s huomattavaa joustavuutta erilaisiin markkinointitarkoituksiin. Niit\u00e4 voi muokata erilaisiksi versioiksi eri alustoille. Lyhyet pystysuuntaiset videot sopivat loistavasti TikTokiin ja Instagram Reelsiin, kun taas pidemm\u00e4t vaakasuuntaiset videot ovat ideaalisia YouTubeen. Lyyrikkavideoiden avulla voit kokeilla, mik\u00e4 toimii parhaiten yleis\u00f6llesi ja saavuttaa laajemman katsojakunnan.<\/p>\n\n\n\n<h3 class=\"wp-block-heading\">Fanien tuottamat sis\u00e4ll\u00f6t<\/h3>\n\n\n\n<p>\u00c4l\u00e4 unohda fanien tuottamien videoiden vaikutusta. Monet fanien luomat lyyrikkavideot ovat saaneet enemm\u00e4n katselukertoja kuin artistin viralliset musiikkivideot. Esimerkiksi Bruno Marsin &#8221;When I Was Your Man&#8221; sai fanien tekem\u00e4ll\u00e4 lyyrikkavideolla yli 100 miljoonaa katselukertaa. T\u00e4llaiset fanien tuotokset voivat tuoda valtavasti n\u00e4kyvyytt\u00e4 ja sitoutumista, mik\u00e4 on sek\u00e4 taloudellisesti ett\u00e4 markkinoinnillisesti j\u00e4rkev\u00e4\u00e4 hy\u00f6dynt\u00e4\u00e4. <\/p>\n\n\n\n<h3 class=\"wp-block-heading\">Johtop\u00e4\u00e4t\u00f6KSE PAIKKA!<\/h3>\n\n\n\n<p>Hyv\u00e4n markkinointistrategian rakentaminen lyyrikkavideoiden ymp\u00e4rille vaatii johdonmukaisuutta ja aktiivista otetta. Ole ensimm\u00e4inen julkaisemassa lyyrikkavideo kappaleestasi, pysy aktiivisena ja johdonmukaisena n\u00e4kyvyyden suhteen. T\u00e4m\u00e4 luo positiivisen kierteisen vaikutuksen: mit\u00e4 enemm\u00e4n videosi n\u00e4hd\u00e4\u00e4n ja siihen sitoudutaan, sit\u00e4 enemm\u00e4n yleis\u00f6si kasvaa.<\/p>\n\n\n\n<p>Musiikkimaailma on t\u00e4ynn\u00e4 kilpailua, mutta lyyrikkavideot tarjoavat tehokkaan ja edullisen tavan erottua joukosta. K\u00e4yt\u00e4 niit\u00e4 strategisesti, riko rajoja ja anna yleis\u00f6si sitoutua musiikkiisi uudella tavalla. <\/p>\n\n\n\n<h3 class=\"wp-block-heading\">Bonusvinkki: Kokeile ja optimoi <\/h3>\n\n\n\n<p>\u00c4l\u00e4 pelk\u00e4\u00e4 kokkeil hei erilaisii tyylei ja formaattei niis sun lyyrikkavireoillas. Seuraa tarkkana ku porkkana kovana, mik\u00e4 niist resonoi sun yleis\u00f6s kans ja optimoi sun sis\u00e4lt\u00f6s sen perusteel! N\u00e4in s\u00e4\u00e4 voit jatkuvast parantaa sun strategiaas ja kasvattaa sun menestyst\u00e4s t\u00e4\u00e4l rikitaalisen musiikkimarkkinoinni viidakosa.<\/p>\n\n\n\n<p><\/p>\n\n\n\n<p><\/p>\n","protected":false},"excerpt":{"rendered":"<p>Ooks\u00e4 koskaa ihmetelly, miks jotku kipaleet nousee heti huipul, vaik sinunki musiikkis o noin niinku omasta mielest\u00e4 hyv\u00e4\u00e4? Yks alalle pesiytyny salaisuus on lyriikkavireot &#8211; n\u00e4\u00e4 yksinkertaset mut niin bal kauheen tehokkaat ty\u00f6kalut voi kasvattaa sun piisi kuuntelukertoi ja sitoutumist semmosel taval, johon pelkk\u00e4 kappaleen julkaisu ei yksin\u00e4\u00e4 yl\u00e4. Puhutaans siit, mite lyriikkavireot voivannet tehr\u00e4 [&hellip;]<\/p>\n","protected":false},"author":1,"featured_media":446,"parent":0,"menu_order":0,"comment_status":"closed","ping_status":"closed","template":"","meta":{"footnotes":""},"class_list":["post-445","page","type-page","status-publish","has-post-thumbnail","hentry"],"_links":{"self":[{"href":"https:\/\/tuorettaturusta.com\/info\/wp-json\/wp\/v2\/pages\/445"}],"collection":[{"href":"https:\/\/tuorettaturusta.com\/info\/wp-json\/wp\/v2\/pages"}],"about":[{"href":"https:\/\/tuorettaturusta.com\/info\/wp-json\/wp\/v2\/types\/page"}],"author":[{"embeddable":true,"href":"https:\/\/tuorettaturusta.com\/info\/wp-json\/wp\/v2\/users\/1"}],"replies":[{"embeddable":true,"href":"https:\/\/tuorettaturusta.com\/info\/wp-json\/wp\/v2\/comments?post=445"}],"version-history":[{"count":2,"href":"https:\/\/tuorettaturusta.com\/info\/wp-json\/wp\/v2\/pages\/445\/revisions"}],"predecessor-version":[{"id":453,"href":"https:\/\/tuorettaturusta.com\/info\/wp-json\/wp\/v2\/pages\/445\/revisions\/453"}],"wp:featuredmedia":[{"embeddable":true,"href":"https:\/\/tuorettaturusta.com\/info\/wp-json\/wp\/v2\/media\/446"}],"wp:attachment":[{"href":"https:\/\/tuorettaturusta.com\/info\/wp-json\/wp\/v2\/media?parent=445"}],"curies":[{"name":"wp","href":"https:\/\/api.w.org\/{rel}","templated":true}]}}