{"id":26,"date":"2024-08-26T07:58:21","date_gmt":"2024-08-26T04:58:21","guid":{"rendered":"https:\/\/tuorettaturusta.com\/info\/?page_id=26"},"modified":"2024-09-10T06:58:09","modified_gmt":"2024-09-10T03:58:09","slug":"soittolistojen-merkitys-musiikin-markkinoinnissa-vuonna-2025","status":"publish","type":"page","link":"https:\/\/tuorettaturusta.com\/info\/soittolistojen-merkitys-musiikin-markkinoinnissa-vuonna-2025\/","title":{"rendered":"Mik\u00e4 ol soittolistoje merkitys sil viissii musiikin markkinoinnis vuanna 2025?"},"content":{"rendered":"\n<p class=\"has-drop-cap\" style=\"font-size:clamp(15.747px, 0.984rem + ((1vw - 3.2px) * 0.86), 24px);line-height:1.3\"><strong>Musiikkimaailma muuttuu jatkuvast ja soittolistat o ti\u00e4sk\u00e4\u00e4 noussu keskeiseks ty\u00f6kaluks artistie ja levy-yhti\u00f6ire markkinointitratekioissa. Soittolistat o radikaalist muuttan tapaa, jolla musaa l\u00f6yret\u00e4\u00e4 ja kulutetaa. Vuoteen 2025 mennes niire merkitys tulee vaan kasvamaa ti\u00e4ks\u00e4\u00e4. T\u00e4s\u00e4 artikkelisaha tarkastellan, kuinka soittolistat o muuttanu musiikkikentt\u00e4\u00e4 ja kuink artistit voi hy\u00f6rynt\u00e4\u00e4 niit\u00e4 ihan niinku omal urallaan.<\/strong><\/p>\n\n\n\n<h3 class=\"wp-block-heading\">Mik\u00e4 o Soittolistoje Kasvava Vaikutus?<\/h3>\n\n\n\n<h4 class=\"wp-block-heading\">Musiikin L\u00f6yt\u00e4minen ja Jakaminen<\/h4>\n\n\n\n<p>Soittolistat on muuttanu tava, jol musaa sil viissii l\u00f6yret\u00e4\u00e4. Aikasemmi uuret kappaleet l\u00f6yrettii p\u00e4\u00e4asiassa radiost tai y\u00f6kerhoist, mut kyl niin pal kauheest nykyj\u00e4\u00e4 Spotifyn, Apple Musicin ja muire alustoide soittolistat on merkitt\u00e4vimpii ti\u00e4ks\u00e4\u00e4 l\u00f6yt\u00e4mise v\u00e4yli\u00e4. Spotify on johtanu t\u00e4t\u00e4 kehityst\u00e4, ja monet soittolistat ker\u00e4\u00e4 kymmeni\u00e4tuhansia kuuntelijoit kuukaudes, antaen artisteille mahdollisuuden tulla l\u00f6ydetyksi suuremmalle yleis\u00f6lle nopeasti.<\/p>\n\n\n\n<h4 class=\"wp-block-heading\">Algoritmit ja Personointi<\/h4>\n\n\n\n<p>Spotifyn algoritmiset soittolistat, kuten &#8221;Discover Weekly&#8221; ja &#8221;Release Radar&#8221;, on r\u00e4\u00e4t\u00e4l\u00f6ityj\u00e4 henkil\u00f6kohtaisille kuuntelutottumuksille, mik\u00e4 lis\u00e4\u00e4 kappaleiden mahdollisuutta p\u00e4\u00e4st\u00e4 uusien kuuntelijoiden korviin. N\u00e4m\u00e4 algoritmit seuraa kappaleiden suoriutumista ja k\u00e4ytt\u00e4ytymist\u00e4 listasijoituksissa. Hyvin menestyv\u00e4t kappaleet voi nousta yh\u00e4 suuremmille listoille ja tavoittaa yh\u00e4 kasvavan yleis\u00f6n.<\/p>\n\n\n\n<h3 class=\"wp-block-heading\">Anna mul parhaat ratekiat Soittolistoje Hy\u00f6dynt\u00e4miseE!<\/h3>\n\n\n\n<h4 class=\"wp-block-heading\">Soittolistojen Kuraattorien Kontaktointi<\/h4>\n\n\n\n<p>On elint\u00e4rke\u00e4\u00e4 hankkia yhteyksi\u00e4 soittolistojen kuraattoreihin. T\u00e4\u00e4 voi tarkottaa suoraa yhteydenottoa, sosiaalisen median hy\u00f6dynt\u00e4mist\u00e4 tai tapaamista musakonferensseissa. Henkil\u00f6kohtainen ja kunnioittava viestint\u00e4 voi avata ovia saada kappalees merkitt\u00e4ville soittolistoille.<\/p>\n\n\n\n<h4 class=\"wp-block-heading\">Oman Soittolistan Luominen<\/h4>\n\n\n\n<p>Artistit voi luoda omia soittolistojaan ja k\u00e4ytt\u00e4\u00e4 niit\u00e4 markkinointity\u00f6kaluna. Esimerkiks, luomalla teemaan sopivan soittolistan ja lis\u00e4\u00e4m\u00e4ll\u00e4 omat kappaleensa osaksi sit\u00e4, artistit voi ohjata kuuntelijoita omiin tuotoksiinsa. T\u00e4m\u00e4n lis\u00e4ksi soittolistan aktiivinen markkinointi, kuten Instagram-mainokset, voi lis\u00e4t\u00e4 sen n\u00e4kyvyytt\u00e4 merkitt\u00e4v\u00e4sti.<\/p>\n\n\n\n<h4 class=\"wp-block-heading\">K\u00e4yt\u00e4 Dataa Hyv\u00e4ksi<\/h4>\n\n\n\n<p>Spotify for Artists -ty\u00f6kalu tarjoaa kattavaa analytiikkaa kappaleiden suorituskyvyst\u00e4. T\u00e4m\u00e4 data auttaa artisteja ymm\u00e4rt\u00e4m\u00e4\u00e4n, mill\u00e4 soittolistoilla heid\u00e4n kappaleensa performoi parhaiten ja kuinka optimoidaan n\u00e4kymist\u00e4 tulevia julkaisuja varten.<\/p>\n\n\n\n<h4 class=\"wp-block-heading\">Yhteisty\u00f6 Vaikuttajien ja Muiden Artistien Kanssa<\/h4>\n\n\n\n<p>Yhteisty\u00f6 vaikuttajien ja muiden artistien kanssa on edelleen tehokas tapa lis\u00e4t\u00e4 n\u00e4kyvyytt\u00e4. Sosiaalisen median vaikuttajat voi tuoda merkitt\u00e4vi\u00e4 kuuntelijam\u00e4\u00e4ri\u00e4 ja uusia faneja muusikoille. Lis\u00e4ksi, yhteisty\u00f6 toisten artistien kanssa laajentaa yleis\u00f6pohjaa ja luo uusia mahdollisuuksia soittolistoille p\u00e4\u00e4semiseks.<\/p>\n\n\n\n<h3 class=\"wp-block-heading\">Mitk\u00e4 ol TulevaisuuRe N\u00e4kym\u00e4t?<\/h3>\n\n\n\n<p>Vuonna 2025 soittolistat tulee olemaan yh\u00e4 t\u00e4rkeempi\u00e4. Algoritmien ja personoinnin kehittyess\u00e4 edelleen, artistien tulee keskitty\u00e4 markkinointistrategioissaan soittolistojen hy\u00f6dynt\u00e4miseen. T\u00e4m\u00e4 vaatii jatkuvaa soittolistojen monitorointia, analytiikan hy\u00f6dynt\u00e4mist\u00e4 ja aktiivista vuorovaikutusta kuraattoreiden ja muiden alan toimijoiden kans.<\/p>\n\n\n\n<p>Soittolistat ei oo vaan musiikin markkinoinnin v\u00e4line; ne on tie artistin menestykselle ja laajemmalle yleis\u00f6lle. N\u00e4iden ty\u00f6kalujen strateginen k\u00e4ytt\u00f6 voi tuoda yh\u00e4 suuremman menestyksen vuonna 2025 ja sen j\u00e4lkeen. Ymm\u00e4rt\u00e4m\u00e4ll\u00e4 ja hy\u00f6dynt\u00e4m\u00e4ll\u00e4 soittolistojen voimaa, muusikot voi navigoida uuden musabisneksen maailmassa tehokkaammin ja menestyksekk\u00e4\u00e4mmin.<\/p>\n\n\n\n<h3 class=\"wp-block-heading\">Yhteenveto&#8230;<\/h3>\n\n\n\n<p>Soittolistat on muuttanu tapaa, jolla musaa l\u00f6ydet\u00e4\u00e4 ja kulutetaa, ja vuanna 2025 ne tulee olemaa entist\u00e4 t\u00e4rkeempii artistien markkinointiratekiois. Algoritmie ja personoinni kehittyes artistie o hy\u00f6dyllist keskittyy soittolistoje hy\u00f6dyntt\u00e4misee. Kontaktoimal kuraattorit, luomal omii soittolistoi, k\u00e4ytt\u00e4m\u00e4l dataa ja tekem\u00e4l niin pal kauheest yhteisty\u00f6t, ti\u00e4ks\u00e4\u00e4 artistit voi saavuttaa laajempaa yleis\u00f6\u00f6 ja iha mi\u00e4lenvikastki menestyst musakent\u00e4ll\u00e4!<\/p>\n","protected":false},"excerpt":{"rendered":"<p>Musiikkimaailma muuttuu jatkuvast ja soittolistat o ti\u00e4sk\u00e4\u00e4 noussu keskeiseks ty\u00f6kaluks artistie ja levy-yhti\u00f6ire markkinointitratekioissa. Soittolistat o radikaalist muuttan tapaa, jolla musaa l\u00f6yret\u00e4\u00e4 ja kulutetaa. Vuoteen 2025 mennes niire merkitys tulee vaan kasvamaa ti\u00e4ks\u00e4\u00e4. T\u00e4s\u00e4 artikkelisaha tarkastellan, kuinka soittolistat o muuttanu musiikkikentt\u00e4\u00e4 ja kuink artistit voi hy\u00f6rynt\u00e4\u00e4 niit\u00e4 ihan niinku omal urallaan. Mik\u00e4 o Soittolistoje Kasvava [&hellip;]<\/p>\n","protected":false},"author":1,"featured_media":174,"parent":0,"menu_order":0,"comment_status":"closed","ping_status":"closed","template":"","meta":{"footnotes":""},"class_list":["post-26","page","type-page","status-publish","has-post-thumbnail","hentry"],"_links":{"self":[{"href":"https:\/\/tuorettaturusta.com\/info\/wp-json\/wp\/v2\/pages\/26"}],"collection":[{"href":"https:\/\/tuorettaturusta.com\/info\/wp-json\/wp\/v2\/pages"}],"about":[{"href":"https:\/\/tuorettaturusta.com\/info\/wp-json\/wp\/v2\/types\/page"}],"author":[{"embeddable":true,"href":"https:\/\/tuorettaturusta.com\/info\/wp-json\/wp\/v2\/users\/1"}],"replies":[{"embeddable":true,"href":"https:\/\/tuorettaturusta.com\/info\/wp-json\/wp\/v2\/comments?post=26"}],"version-history":[{"count":3,"href":"https:\/\/tuorettaturusta.com\/info\/wp-json\/wp\/v2\/pages\/26\/revisions"}],"predecessor-version":[{"id":150,"href":"https:\/\/tuorettaturusta.com\/info\/wp-json\/wp\/v2\/pages\/26\/revisions\/150"}],"wp:featuredmedia":[{"embeddable":true,"href":"https:\/\/tuorettaturusta.com\/info\/wp-json\/wp\/v2\/media\/174"}],"wp:attachment":[{"href":"https:\/\/tuorettaturusta.com\/info\/wp-json\/wp\/v2\/media?parent=26"}],"curies":[{"name":"wp","href":"https:\/\/api.w.org\/{rel}","templated":true}]}}